{"id":2039,"date":"2022-09-02T05:43:54","date_gmt":"2022-09-02T05:43:54","guid":{"rendered":"https:\/\/cercletaoiste.com\/?page_id=2039"},"modified":"2022-09-05T16:53:01","modified_gmt":"2022-09-05T16:53:01","slug":"lexique","status":"publish","type":"page","link":"https:\/\/cercletaoiste.com\/index.php\/lexique\/","title":{"rendered":"Lexique"},"content":{"rendered":"\n<div class=\"wp-block-cover alignfull\" style=\"min-height:361px\"><span aria-hidden=\"true\" class=\"wp-block-cover__background has-background-dim\"><\/span><img loading=\"lazy\" width=\"900\" height=\"600\" class=\"wp-block-cover__image-background wp-image-1948\" alt=\"\" src=\"https:\/\/cercletaoiste.com\/wp-content\/uploads\/2022\/09\/48082_374959199286850_620476361_n.jpg\" style=\"object-position:51% 52%\" data-object-fit=\"cover\" data-object-position=\"51% 52%\" srcset=\"https:\/\/cercletaoiste.com\/wp-content\/uploads\/2022\/09\/48082_374959199286850_620476361_n.jpg 900w, https:\/\/cercletaoiste.com\/wp-content\/uploads\/2022\/09\/48082_374959199286850_620476361_n-300x200.jpg 300w, https:\/\/cercletaoiste.com\/wp-content\/uploads\/2022\/09\/48082_374959199286850_620476361_n-768x512.jpg 768w\" sizes=\"(max-width: 900px) 100vw, 900px\" \/><div class=\"wp-block-cover__inner-container\">\n<h1 class=\"has-text-align-center\" style=\"font-size:70px;font-style:normal;font-weight:700\"><strong>Lexique<\/strong><\/h1>\n<\/div><\/div>\n\n\n\n<div style=\"height:100px\" aria-hidden=\"true\" class=\"wp-block-spacer\"><\/div>\n\n\n\n<h2>Lexique g\u00e9n\u00e9ral<\/h2>\n\n\n\n<p>Vous trouverez ci-dessous un lexique g\u00e9n\u00e9ral encore fort incomplet du vocabulaire tao\u00efste. Il va se construire et se renforcer ann\u00e9e apr\u00e8s ann\u00e9e. C&rsquo;est un travail collaboratif, aussi si vous avez des suggestions ou des contributions n&rsquo;h\u00e9sitez pas \u00e0 nous le faire savoir.<\/p>\n\n\n\n<div style=\"height:100px\" aria-hidden=\"true\" class=\"wp-block-spacer\"><\/div>\n\n\n\n<div class=\"wp-block-file\"><object class=\"wp-block-file__embed\" data=\"https:\/\/cercletaoiste.com\/wp-content\/uploads\/2022\/09\/Lexique-taoi\u0308ste.pdf\" type=\"application\/pdf\" style=\"width:100%;height:600px\" aria-label=\"Contenu embarqu\u00e9 Lexique-taoi\u0308ste.\"><\/object><a id=\"wp-block-file--media-f9d2f7f1-9522-4f53-b827-223f15ef2618\" href=\"https:\/\/cercletaoiste.com\/wp-content\/uploads\/2022\/09\/Lexique-taoi\u0308ste.pdf\">Lexique-taoi\u0308ste<\/a><a href=\"https:\/\/cercletaoiste.com\/wp-content\/uploads\/2022\/09\/Lexique-taoi\u0308ste.pdf\" class=\"wp-block-file__button\" download aria-describedby=\"wp-block-file--media-f9d2f7f1-9522-4f53-b827-223f15ef2618\">T\u00e9l\u00e9charger<\/a><\/div>\n","protected":false},"excerpt":{"rendered":"<p>Lexique g\u00e9n\u00e9ral Vous trouverez ci-dessous un lexique g\u00e9n\u00e9ral encore fort incomplet du vocabulaire tao\u00efste. Il va se construire et se renforcer ann\u00e9e apr\u00e8s ann\u00e9e. C&rsquo;est un travail collaboratif, aussi si vous avez des suggestions ou des contributions n&rsquo;h\u00e9sitez pas \u00e0 nous le faire savoir.<\/p>\n","protected":false},"author":1,"featured_media":0,"parent":0,"menu_order":0,"comment_status":"closed","ping_status":"closed","template":"","meta":{"_uag_custom_page_level_css":"","_mi_skip_tracking":false,"site-sidebar-layout":"default","site-content-layout":"default","ast-global-header-display":"","ast-main-header-display":"","ast-hfb-above-header-display":"","ast-hfb-below-header-display":"","ast-hfb-mobile-header-display":"","site-post-title":"","ast-breadcrumbs-content":"","ast-featured-img":"","footer-sml-layout":"","theme-transparent-header-meta":"","adv-header-id-meta":"","stick-header-meta":"","header-above-stick-meta":"","header-main-stick-meta":"","header-below-stick-meta":""},"uagb_featured_image_src":{"full":false,"thumbnail":false,"medium":false,"medium_large":false,"large":false,"1536x1536":false,"2048x2048":false},"uagb_author_info":{"display_name":"francois.ducotterd@gmail.com","author_link":"https:\/\/cercletaoiste.com\/index.php\/author\/francois-ducotterdgmail-com\/"},"uagb_comment_info":0,"uagb_excerpt":"Lexique g\u00e9n\u00e9ral Vous trouverez ci-dessous un lexique g\u00e9n\u00e9ral encore fort incomplet du vocabulaire tao\u00efste. Il va se construire et se renforcer ann\u00e9e apr\u00e8s ann\u00e9e. C&rsquo;est un travail collaboratif, aussi si vous avez des suggestions ou des contributions n&rsquo;h\u00e9sitez pas \u00e0 nous le faire savoir.","_links":{"self":[{"href":"https:\/\/cercletaoiste.com\/index.php\/wp-json\/wp\/v2\/pages\/2039"}],"collection":[{"href":"https:\/\/cercletaoiste.com\/index.php\/wp-json\/wp\/v2\/pages"}],"about":[{"href":"https:\/\/cercletaoiste.com\/index.php\/wp-json\/wp\/v2\/types\/page"}],"author":[{"embeddable":true,"href":"https:\/\/cercletaoiste.com\/index.php\/wp-json\/wp\/v2\/users\/1"}],"replies":[{"embeddable":true,"href":"https:\/\/cercletaoiste.com\/index.php\/wp-json\/wp\/v2\/comments?post=2039"}],"version-history":[{"count":2,"href":"https:\/\/cercletaoiste.com\/index.php\/wp-json\/wp\/v2\/pages\/2039\/revisions"}],"predecessor-version":[{"id":2170,"href":"https:\/\/cercletaoiste.com\/index.php\/wp-json\/wp\/v2\/pages\/2039\/revisions\/2170"}],"wp:attachment":[{"href":"https:\/\/cercletaoiste.com\/index.php\/wp-json\/wp\/v2\/media?parent=2039"}],"curies":[{"name":"wp","href":"https:\/\/api.w.org\/{rel}","templated":true}]}}