{"id":2030,"date":"2022-09-02T05:42:41","date_gmt":"2022-09-02T05:42:41","guid":{"rendered":"https:\/\/cercletaoiste.com\/?page_id=2030"},"modified":"2022-10-20T13:18:21","modified_gmt":"2022-10-20T13:18:21","slug":"partenaires","status":"publish","type":"page","link":"https:\/\/cercletaoiste.com\/index.php\/partenaires\/","title":{"rendered":"Partenaires"},"content":{"rendered":"\n<div class=\"wp-block-cover alignfull\" style=\"min-height:361px\"><span aria-hidden=\"true\" class=\"wp-block-cover__background has-background-dim\"><\/span><img loading=\"lazy\" width=\"900\" height=\"600\" class=\"wp-block-cover__image-background wp-image-1948\" alt=\"\" src=\"https:\/\/cercletaoiste.com\/wp-content\/uploads\/2022\/09\/48082_374959199286850_620476361_n.jpg\" style=\"object-position:51% 52%\" data-object-fit=\"cover\" data-object-position=\"51% 52%\" srcset=\"https:\/\/cercletaoiste.com\/wp-content\/uploads\/2022\/09\/48082_374959199286850_620476361_n.jpg 900w, https:\/\/cercletaoiste.com\/wp-content\/uploads\/2022\/09\/48082_374959199286850_620476361_n-300x200.jpg 300w, https:\/\/cercletaoiste.com\/wp-content\/uploads\/2022\/09\/48082_374959199286850_620476361_n-768x512.jpg 768w\" sizes=\"(max-width: 900px) 100vw, 900px\" \/><div class=\"wp-block-cover__inner-container\">\n<h1 class=\"has-text-align-center\" style=\"font-size:70px;font-style:normal;font-weight:700\"><strong>Partenaires<\/strong><\/h1>\n<\/div><\/div>\n\n\n\n<div style=\"height:100px\" aria-hidden=\"true\" class=\"wp-block-spacer\"><\/div>\n\n\n\n<h2>Une fraternit\u00e9 Tao\u00efste<\/h2>\n\n\n\n<p>Dans le tao\u00efsme, nous sommes tous ensemble \u00e0 progresser sur le chemin du TAO. On consid\u00e8re donc que toute personne que l&rsquo;on rencontre est un partenaire de progression, voire un enseignant par le travail qu&rsquo;il nous oblige \u00e0 faire sur nous-m\u00eame. Il est donc important de fonctionner avec des partenaires qui sont nos fr\u00e8res et soeurs de pratique, des amis, des soutiens, des r\u00e9f\u00e9rents&#8230; Vous trouverez ci-dessous une liste non-exhaustive de personnes ou d&rsquo;associations qui sont des membres importants de notre communaut\u00e9 et qui proposent des choses similaires ou compl\u00e9mentaires \u00e0 ce que nous-m\u00eames proposons:<\/p>\n\n\n\n<div style=\"height:100px\" aria-hidden=\"true\" class=\"wp-block-spacer\"><\/div>\n\n\n\n<div class=\"wp-container-3 wp-block-columns\">\n<div class=\"wp-container-1 wp-block-column\" style=\"flex-basis:66.66%\">\n<h2>\u2022 Association Hosukwan<\/h2>\n\n\n\n<p>L&rsquo;association Hosukwan est une association savoyarde d&rsquo;arts martiaux, de Taijiquan et de Qigong, domicili\u00e9e \u00e0 Aix-les-Bains et rayonnant sur le bassin du lac du Bourget.<\/p>\n<\/div>\n\n\n\n<div class=\"wp-container-2 wp-block-column\" style=\"flex-basis:33.33%\">\n<div class=\"wp-block-uagb-image uagb-block-0b3ee27c wp-block-uagb-image--layout-default wp-block-uagb-image--effect-static wp-block-uagb-image--align-none\"><figure class=\"wp-block-uagb-image__figure\"><img loading=\"lazy\" srcset=\"https:\/\/cercletaoiste.com\/wp-content\/uploads\/2022\/09\/Hosukwan_FORMATIONS_2021-1024x801.png \" src=\"https:\/\/cercletaoiste.com\/wp-content\/uploads\/2022\/09\/Hosukwan_FORMATIONS_2021-1024x801.png\" alt=\"\" class=\"uag-image-2205\" width=\"\" height=\"\" title=\"\"\/><\/figure><\/div>\n<\/div>\n<\/div>\n\n\n\n<div style=\"height:49px\" aria-hidden=\"true\" class=\"wp-block-spacer\"><\/div>\n\n\n\n<div class=\"wp-container-6 wp-block-columns\">\n<div class=\"wp-container-4 wp-block-column\">\n<div class=\"wp-block-uagb-image uagb-block-fd036097 wp-block-uagb-image--layout-default wp-block-uagb-image--effect-static wp-block-uagb-image--align-none\"><figure class=\"wp-block-uagb-image__figure\"><img loading=\"lazy\" srcset=\"https:\/\/cercletaoiste.com\/wp-content\/uploads\/2022\/09\/Nelly-ROBERT-08-20224-5-819x1024.png \" src=\"https:\/\/cercletaoiste.com\/wp-content\/uploads\/2022\/09\/Nelly-ROBERT-08-20224-5-819x1024.png\" alt=\"\" class=\"uag-image-2223\" width=\"362\" height=\"452\" title=\"\"\/><\/figure><\/div>\n\n\n\n<div class=\"wp-block-uagb-image uagb-block-33d0d129 wp-block-uagb-image--layout-default wp-block-uagb-image--effect-static wp-block-uagb-image--align-none\"><figure class=\"wp-block-uagb-image__figure\"><img loading=\"lazy\" srcset=\"https:\/\/cercletaoiste.com\/wp-content\/uploads\/2022\/09\/Yves-Robert-Taichi-1024x826.png \" src=\"https:\/\/cercletaoiste.com\/wp-content\/uploads\/2022\/09\/Yves-Robert-Taichi-1024x826.png\" alt=\"\" class=\"uag-image-2224\" width=\"362\" height=\"291\" title=\"\"\/><\/figure><\/div>\n<\/div>\n\n\n\n<div class=\"wp-container-5 wp-block-column\">\n<p><strong>Nelly <\/strong>et <strong>Yves Robert<\/strong> dirigent et enseignent au sein de cette association, en ayant notamment cr\u00e9\u00e9 deux formations professionnalisantes:<\/p>\n\n\n\n<p>\u2022 <strong>Une formation de Qigong<\/strong> sur trois ans: cette formation s&rsquo;appuie sur un enseignement Tao\u00efste donn\u00e9 par Ma\u00eetre <strong>YUAN Limin<\/strong> et par Fran\u00e7ois Ducotterd. Elle se poursuit ensuite par des perfectionnements, voire des passages de grades internationaux.<\/p>\n\n\n\n<p>\u2022 <strong>Une formation de Taijiquan de style WUDANG<\/strong>, selon les enseignements de Ma\u00eetre <strong>YUAN Limin<\/strong>.<\/p>\n\n\n\n<p>C&rsquo;est un enseignement qualitatif, tr\u00e8s appr\u00e9ci\u00e9 de par la structuration progressive qu&rsquo;elle apporte. L&rsquo;accent y est mis sur les sensations et l&rsquo;\u00e9volution int\u00e9rieure, comme moteur du geste ext\u00e9rieur.<\/p>\n\n\n\n<p>Contact: formations@hosukwan.com<\/p>\n\n\n\n<p>06 32 95 03 38 &#8211; <a href=\"https:\/\/formations.hosukwan.com\">https:\/\/formations.hosukwan.com<\/a><\/p>\n<\/div>\n<\/div>\n\n\n\n<div style=\"height:100px\" aria-hidden=\"true\" class=\"wp-block-spacer\"><\/div>\n\n\n\n<div class=\"wp-container-9 wp-block-columns\">\n<div class=\"wp-container-7 wp-block-column\" style=\"flex-basis:66.66%\">\n<h2>\u2022 Retraite TAO<\/h2>\n\n\n\n<p>C&rsquo;est avant tout une bande d&rsquo;amis qui proposent des retraites tao\u00efstes de dur\u00e9es variables (de 3 \u00e0 10 jours) \u00e0 diff\u00e9rents moments de l&rsquo;ann\u00e9e. Chaque retraite contient des temps de m\u00e9ditations, des temps d&rsquo;enseignements et des pratiques de Qigong. Comme cela se fait dans un cadre naturel, le lien avec l&rsquo;environnement est permanent.<\/p>\n<\/div>\n\n\n\n<div class=\"wp-container-8 wp-block-column\" style=\"flex-basis:33.33%\">\n<div class=\"wp-block-uagb-image uagb-block-a124820c wp-block-uagb-image--layout-default wp-block-uagb-image--effect-static wp-block-uagb-image--align-none\"><figure class=\"wp-block-uagb-image__figure\"><img loading=\"lazy\" srcset=\"https:\/\/cercletaoiste.com\/wp-content\/uploads\/2022\/09\/IMG_8006-1024x721.jpg \" src=\"https:\/\/cercletaoiste.com\/wp-content\/uploads\/2022\/09\/IMG_8006-1024x721.jpg\" alt=\"\" class=\"uag-image-2200\" width=\"\" height=\"\" title=\"\"\/><\/figure><\/div>\n<\/div>\n<\/div>\n\n\n\n<div style=\"height:46px\" aria-hidden=\"true\" class=\"wp-block-spacer\"><\/div>\n\n\n\n<div class=\"wp-container-12 wp-block-columns\">\n<div class=\"wp-container-10 wp-block-column\">\n<div class=\"wp-block-uagb-image uagb-block-76e11a38 wp-block-uagb-image--layout-default wp-block-uagb-image--effect-static wp-block-uagb-image--align-none\"><figure class=\"wp-block-uagb-image__figure\"><img loading=\"lazy\" srcset=\"https:\/\/cercletaoiste.com\/wp-content\/uploads\/2022\/09\/Photo-de-nous-trois-V2.jpg \" src=\"https:\/\/cercletaoiste.com\/wp-content\/uploads\/2022\/09\/Photo-de-nous-trois-V2.jpg\" alt=\"\" class=\"uag-image-2219\" width=\"\" height=\"\" title=\"\"\/><\/figure><\/div>\n<\/div>\n\n\n\n<div class=\"wp-container-11 wp-block-column\">\n<p>C&rsquo;est la synergie de <strong>Marie-H\u00e9l\u00e8ne Rendu<\/strong>, <strong>Joseph Nguyen<\/strong> et <strong>Fanie Fageon<\/strong> qui est \u00e0 l&rsquo;origine de ce projet. C&rsquo;est \u00e0 partir d&rsquo;une amiti\u00e9 que s&rsquo;est construit cette aventure d&rsquo;organiser des retraites pour r\u00e9pondre \u00e0 une demande de temps pour soi, de temps spirituels, de temps d&rsquo;enseignements&#8230;<\/p>\n\n\n\n<p>Chacun des trois comp\u00e8res est tr\u00e8s compl\u00e9mentaires pour pouvoir cr\u00e9er un univers sacr\u00e9 et douillet en m\u00eame temps.<\/p>\n\n\n\n<p>Une grande exp\u00e9rience \u00e0 vivre, au point que tous ceux qui y ont gout\u00e9 y reviennent!!!<\/p>\n\n\n\n<p>Contact: joseph42370@gmail.com<\/p>\n\n\n\n<p>06 14 75 57 83 \/ 06 85 29 66 93 &#8211; <a href=\"https:\/\/retraitetao.com\">https:\/\/retraitetao.com<\/a><\/p>\n<\/div>\n<\/div>\n\n\n\n<div style=\"height:100px\" aria-hidden=\"true\" class=\"wp-block-spacer\"><\/div>\n\n\n\n<div class=\"wp-container-15 wp-block-columns\">\n<div class=\"wp-container-13 wp-block-column\" style=\"flex-basis:66.66%\">\n<h2>\u2022 Association Les \u00e2nes tao\u00efstes<\/h2>\n\n\n\n<p>L&rsquo;association Les \u00e2nes tao\u00efstes va na\u00eetre du bouleversement que va engendrer le Tao\u00efsme quand il va croiser les routes de <strong>Chantal Recollon<\/strong> et de <strong>Vincent H\u00e9ry.<\/strong><\/p>\n<\/div>\n\n\n\n<div class=\"wp-container-14 wp-block-column\" style=\"flex-basis:33.33%\"><\/div>\n<\/div>\n\n\n\n<div style=\"height:36px\" aria-hidden=\"true\" class=\"wp-block-spacer\"><\/div>\n\n\n\n<div class=\"wp-container-18 wp-block-columns\">\n<div class=\"wp-container-16 wp-block-column is-vertically-aligned-center\">\n<div class=\"wp-block-uagb-image uagb-block-ca06ff06 wp-block-uagb-image--layout-default wp-block-uagb-image--effect-static wp-block-uagb-image--align-none\"><figure class=\"wp-block-uagb-image__figure\"><img loading=\"lazy\" srcset=\"https:\/\/cercletaoiste.com\/wp-content\/uploads\/2022\/09\/Les-a\u0302nes-taoi\u0308stes--1024x819.png \" src=\"https:\/\/cercletaoiste.com\/wp-content\/uploads\/2022\/09\/Les-a\u0302nes-taoi\u0308stes--1024x819.png\" alt=\"\" class=\"uag-image-2237\" width=\"1024\" height=\"819\" title=\"\"\/><\/figure><\/div>\n<\/div>\n\n\n\n<div class=\"wp-container-17 wp-block-column\">\n<p>Apr\u00e8s avoir chang\u00e9 de vie radicalement, s&rsquo;\u00eatre initi\u00e9 au massage et \u00e0 la M\u00e9decine Traditionnelle Chinoise&#8230; Finalement, Vincent H\u00e9ry se passionne pour le <strong>Taijiquan,<\/strong> en tant que concr\u00e9tisation vivante des principes du TAO.<\/p>\n\n\n\n<p>De l\u00e0 est n\u00e9 cette association avec sa complice Chantal, pour proposer des cours de Taijiquan, Qigong et de Yoga th\u00e9rapie (avec Chantal) \u00e0 Yzeron. <\/p>\n\n\n\n<p>Travail, sobri\u00e9t\u00e9, sourire, bienveillance et re-travail afin de p\u00e9n\u00e9trer les arcanes du Taijiquan et comprendre comment concr\u00e8tement le souple peut vaincre le dur, comment la souplesse et la douceur sont toujours pr\u00e9f\u00e9rable au final face \u00e0 la duret\u00e9!<\/p>\n\n\n\n<p>N&rsquo;h\u00e9sitez pas \u00e0 vous confronter&#8230; \u00e0 vous m\u00eame, avec l&rsquo;aide de Vincent.<\/p>\n\n\n\n<p>Contact: vincent.hery.shiatsu@gmail.com<\/p>\n\n\n\n<p>06 30 78 49 47<\/p>\n<\/div>\n<\/div>\n\n\n\n<div style=\"height:100px\" aria-hidden=\"true\" class=\"wp-block-spacer\"><\/div>\n\n\n\n<h2>\u2022 Association Tai Shan<\/h2>\n\n\n\n<p><\/p>\n\n\n\n<div class=\"wp-container-21 wp-block-columns\">\n<div class=\"wp-container-19 wp-block-column\" style=\"flex-basis:66.66%\">\n<p>L&rsquo;association Tai Shan est une association des Hautes-Alpes, cr\u00e9\u00e9e par <strong>Pascale Choudin<\/strong> (praticiennne de m\u00e9decine chinoise). et <strong>Denis Prot<\/strong> (un vendeur de th\u00e9 passionn\u00e9) qui vise tout d&rsquo;abord \u00e0 faire d\u00e9couvrir le th\u00e9, \u00e0 travers des cercles de th\u00e9s un peu partout dans le sud-est de la France.<\/p>\n<\/div>\n\n\n\n<div class=\"wp-container-20 wp-block-column\" style=\"flex-basis:33.33%\">\n<figure class=\"wp-block-image size-large\"><img loading=\"lazy\" width=\"2433\" height=\"1523\" src=\"https:\/\/cercletaoiste.com\/wp-content\/uploads\/2022\/09\/Cercle-The\u0301-1-edited.png\" alt=\"\" class=\"wp-image-2232\" srcset=\"https:\/\/cercletaoiste.com\/wp-content\/uploads\/2022\/09\/Cercle-The\u0301-1-edited.png 2433w, https:\/\/cercletaoiste.com\/wp-content\/uploads\/2022\/09\/Cercle-The\u0301-1-edited-300x188.png 300w, https:\/\/cercletaoiste.com\/wp-content\/uploads\/2022\/09\/Cercle-The\u0301-1-edited-1024x641.png 1024w, https:\/\/cercletaoiste.com\/wp-content\/uploads\/2022\/09\/Cercle-The\u0301-1-edited-768x481.png 768w, https:\/\/cercletaoiste.com\/wp-content\/uploads\/2022\/09\/Cercle-The\u0301-1-edited-1536x961.png 1536w, https:\/\/cercletaoiste.com\/wp-content\/uploads\/2022\/09\/Cercle-The\u0301-1-edited-2048x1282.png 2048w\" sizes=\"(max-width: 2433px) 100vw, 2433px\" \/><\/figure>\n<\/div>\n<\/div>\n\n\n\n<div style=\"height:33px\" aria-hidden=\"true\" class=\"wp-block-spacer\"><\/div>\n\n\n\n<div class=\"wp-container-24 wp-block-columns\">\n<div class=\"wp-container-22 wp-block-column\">\n<figure class=\"wp-block-image size-full is-resized\"><img loading=\"lazy\" src=\"https:\/\/cercletaoiste.com\/wp-content\/uploads\/2022\/09\/carte-de-visite-Taishan-PC.png\" alt=\"\" class=\"wp-image-2233\" width=\"385\" height=\"564\" srcset=\"https:\/\/cercletaoiste.com\/wp-content\/uploads\/2022\/09\/carte-de-visite-Taishan-PC.png 685w, https:\/\/cercletaoiste.com\/wp-content\/uploads\/2022\/09\/carte-de-visite-Taishan-PC-205x300.png 205w\" sizes=\"(max-width: 385px) 100vw, 385px\" \/><\/figure>\n<\/div>\n\n\n\n<div class=\"wp-container-23 wp-block-column\">\n<p>L&rsquo;association Tai Shan propose donc tout d&rsquo;abord des exp\u00e9riences uniques de <strong>cercles de th\u00e9<\/strong>. La consommation du th\u00e9 selon la c\u00e9r\u00e9monie du th\u00e9 est un v\u00e9ritable voyage int\u00e9rieur. En se laissant embarquer par le calme du moment et les subtils saveurs, senteurs et couleurs du th\u00e9, commence une exploration m\u00e9ditative inattendue pour le novice.<\/p>\n\n\n\n<p>Outre ces exp\u00e9riences flirtant \u00e0 la fronti\u00e8re entre d\u00e9gustation et m\u00e9ditation,  l&rsquo;association Tai Shan vous propose aussi tout un travail autour du <strong>BA ZI <\/strong>(4 piliers: une forme de num\u00e9rologie chinoise, qui calcule les diff\u00e9rentes facettes de votre personnalit\u00e9 et de votre destin\u00e9e) et de <strong>l&rsquo;astrologie chinoise<\/strong>.<\/p>\n\n\n\n<p>N&rsquo;h\u00e9sitez pas \u00e0 contacter Pascale pour une aventure int\u00e9rieure originale: <\/p>\n\n\n\n<p>Contact: contact@taishan.fr ou 06 88 52 01 95<\/p>\n<\/div>\n<\/div>\n\n\n\n<div style=\"height:100px\" aria-hidden=\"true\" class=\"wp-block-spacer\"><\/div>\n\n\n\n<div class=\"wp-container-27 wp-block-columns\">\n<div class=\"wp-container-25 wp-block-column\" style=\"flex-basis:66.66%\">\n<h2>\u2022 Feather Beings<\/h2>\n\n\n\n<p>C&rsquo;est \u00e0 l&rsquo;issu d&rsquo;un p\u00e9riple initiatique et spirituel de plusieurs ann\u00e9es que <strong>Loan-Guylaine TRAN<\/strong> a cr\u00e9\u00e9 <strong>Feather Beings<\/strong> afin de diffuser l&rsquo;enseignement du Tao\u00efsme de sa lign\u00e9e en Occident.<\/p>\n<\/div>\n\n\n\n<div class=\"wp-container-26 wp-block-column\" style=\"flex-basis:33.33%\">\n<div class=\"wp-block-uagb-image uagb-block-c73f82da wp-block-uagb-image--layout-default wp-block-uagb-image--effect-static wp-block-uagb-image--align-none\"><figure class=\"wp-block-uagb-image__figure\"><img loading=\"lazy\" srcset=\"https:\/\/cercletaoiste.com\/wp-content\/uploads\/2022\/09\/Loan.jpeg \" src=\"https:\/\/cercletaoiste.com\/wp-content\/uploads\/2022\/09\/Loan.jpeg\" alt=\"\" class=\"uag-image-2241\" width=\"\" height=\"\" title=\"\"\/><\/figure><\/div>\n<\/div>\n<\/div>\n\n\n\n<div style=\"height:100px\" aria-hidden=\"true\" class=\"wp-block-spacer\"><\/div>\n\n\n\n<div class=\"wp-container-30 wp-block-columns\">\n<div class=\"wp-container-28 wp-block-column\">\n<div class=\"wp-block-uagb-image uagb-block-3bb0be22 wp-block-uagb-image--layout-default wp-block-uagb-image--effect-static wp-block-uagb-image--align-none\"><figure class=\"wp-block-uagb-image__figure\"><img loading=\"lazy\" srcset=\"https:\/\/cercletaoiste.com\/wp-content\/uploads\/2022\/09\/loan-chengfeng-featherbeings-768x1024.jpg \" src=\"https:\/\/cercletaoiste.com\/wp-content\/uploads\/2022\/09\/loan-chengfeng-featherbeings-768x1024.jpg\" alt=\"\" class=\"uag-image-2242\" width=\"\" height=\"\" title=\"\"\/><\/figure><\/div>\n<\/div>\n\n\n\n<div class=\"wp-container-29 wp-block-column\">\n<p>Sa recherche spirituelle l&rsquo;a amen\u00e9e \u00e0 rencontrer Maitre LI SHI FU responsable du temple des 5 immortels sur le Mont Wudang.  Ce dernier l&rsquo;initie et lui enseigne le Tao\u00efsme de sa lign\u00e9e, l&rsquo;\u00e9cole Tao\u00efste du Pure YANG du QUANZHEN LONGMEN. Pendant pr\u00e8s de 8 ans, elle va \u00e9tudier \u00e0 ses c\u00f4t\u00e9s de nombreuses choses, comme les rituels, la m\u00e9decine, la culture des plantes, les arts martiaux du Wudang, la m\u00e9ditation, les textes classiques&#8230;<\/p>\n\n\n\n<p>Elle prend alors le nom tao\u00efste de CHENG FENG \u8aa0\u9cf3 ou le \u00ab\u00a0Ph\u00e9nix sinc\u00e8re\u00a0\u00bb. Son don pour les langues fait qu&rsquo;elle devient la traductrice de LI SHI FU pour les \u00e9tudiants francophones et les anglophones.<\/p>\n\n\n\n<p>Aujourd&rsquo;hui, elle diffuse l&rsquo;enseignement Tao\u00efste en Occident (Canada, Etats-Unis, France&#8230;). D&rsquo;une fa\u00e7on douce mais implacable, subtile et rigoureuse c&rsquo;est une enseignante pr\u00e9cieuse sur le chemin du TAO, pour tout ceux qui cherche \u00e0 aller plus loin \u00e0 l&rsquo;int\u00e9rieur d&rsquo;eux-m\u00eames.<\/p>\n\n\n\n<p>Un Coeur et un Sourire \u00e0 suivre sans mod\u00e9ration!<\/p>\n\n\n\n<p>Contact: <a href=\"https:\/\/www.featherbeings.com\" data-type=\"URL\" data-id=\"https:\/\/www.featherbeings.com\">https:\/\/www.featherbeings.com<\/a><\/p>\n<\/div>\n<\/div>\n\n\n\n<div style=\"height:100px\" aria-hidden=\"true\" class=\"wp-block-spacer\"><\/div>\n\n\n\n<div class=\"wp-container-34 wp-block-columns\">\n<div class=\"wp-container-31 wp-block-column\" style=\"flex-basis:66.66%\">\n<h2>\u2022 D\u00e9sir d&rsquo;\u00eatre<\/h2>\n\n\n\n<p>Du DAO, Marie incarne le sourire. Toujours de bonne humeur, au fil des ann\u00e9es, elle a mis \u00e0 profit les enseignements pour rayonner et \u00e9clairer sa Lorraine natale. Un rayon de soleil \u00e0 ne pas rater!!!<\/p>\n<\/div>\n\n\n\n<div class=\"wp-container-32 wp-block-column\"><\/div>\n\n\n\n<div class=\"wp-container-33 wp-block-column\" style=\"flex-basis:33.33%\">\n<div class=\"wp-block-uagb-image uagb-block-e210f3b4 wp-block-uagb-image--layout-default wp-block-uagb-image--effect-static wp-block-uagb-image--align-none\"><figure class=\"wp-block-uagb-image__figure\"><img loading=\"lazy\" srcset=\"https:\/\/cercletaoiste.com\/wp-content\/uploads\/2022\/10\/Unknown.jpeg \" src=\"https:\/\/cercletaoiste.com\/wp-content\/uploads\/2022\/10\/Unknown.jpeg\" alt=\"\" class=\"uag-image-2249\" width=\"173\" height=\"173\" title=\"\"\/><\/figure><\/div>\n<\/div>\n<\/div>\n\n\n\n<div style=\"height:76px\" aria-hidden=\"true\" class=\"wp-block-spacer\"><\/div>\n\n\n\n<div class=\"wp-container-37 wp-block-columns\">\n<div class=\"wp-container-35 wp-block-column\">\n<div class=\"wp-block-uagb-image uagb-block-fef62d39 wp-block-uagb-image--layout-default wp-block-uagb-image--effect-static wp-block-uagb-image--align-none\"><figure class=\"wp-block-uagb-image__figure\"><img srcset=\"https:\/\/cercletaoiste.com\/wp-content\/uploads\/2022\/10\/IMG_1510-685x1024.jpg \" src=\"https:\/\/cercletaoiste.com\/wp-content\/uploads\/2022\/10\/IMG_1510-685x1024.jpg\" alt=\"\" class=\"uag-image-2248\" title=\"\"\/><\/figure><\/div>\n<\/div>\n\n\n\n<div class=\"wp-container-36 wp-block-column\">\n<p>Marie Bertolotti est blogueuse et psycho-\u00e9nerg\u00e9ticienne.<\/p>\n\n\n\n<p>Elle a cr\u00e9\u00e9 le blog \u00ab\u00a0D\u00e9sir d\u2019\u00eatre\u00a0\u00bb en 2011 avec pour seul objectif, au d\u00e9part, de mettre sa m\u00e9moire en ligne. Petit \u00e0 petit, elle y a mis en page les enseignements les plus importants comme ceux donn\u00e9s au <a href=\"https:\/\/desirdetre.com\/category\/sagesse\/taoisme\/\">Cercle Tao\u00efste<\/a>.<br>Le but du blog a \u00e9volu\u00e9 avec les ann\u00e9es. Aujourd\u2019hui, chaque article envoy\u00e9 aux abonn\u00e9s est de donner des cl\u00e9s concr\u00e8tes, simples pour une vie plus sage, sereine et saine. <\/p>\n\n\n\n<p>Blog\u00a0: <a href=\"https:\/\/desirdetre.com\/\">desirdetre.com<\/a><\/p>\n\n\n\n<p>A c\u00f4t\u00e9 de cela, gr\u00e2ce \u00e0 des techniques de psycho-\u00e9nerg\u00e9tique intenses comme l\u2019EFT ou la Logosynth\u00e8se, elle accompagne qui le souhaite vers une meilleure gestion des \u00e9motions et un apaisement de l\u2019esprit. Elle consulte en visioconf\u00e9rence ou en pr\u00e9sentiel sur la r\u00e9gion Thionville-Luxembourg. <\/p>\n\n\n\n<p>Mail\u00a0: <a href=\"mailto:contact@mariebertolotti.fr\">contact@mariebertolotti.fr<\/a><br>Accompagnement\u00a0: <a href=\"https:\/\/mariebertolotti.fr\/\">mariebertolotti.fr<\/a><\/p>\n<\/div>\n<\/div>\n\n\n\n<div style=\"height:100px\" aria-hidden=\"true\" class=\"wp-block-spacer\"><\/div>\n","protected":false},"excerpt":{"rendered":"<p>Une fraternit\u00e9 Tao\u00efste Dans le tao\u00efsme, nous sommes tous ensemble \u00e0 progresser sur le chemin du TAO. On consid\u00e8re donc que toute personne que l&rsquo;on rencontre est un partenaire de progression, voire un enseignant par le travail qu&rsquo;il nous oblige \u00e0 faire sur nous-m\u00eame. Il est donc important de fonctionner avec des partenaires qui sont &hellip;<\/p>\n<p class=\"read-more\"> <a class=\"\" href=\"https:\/\/cercletaoiste.com\/index.php\/partenaires\/\"> <span class=\"screen-reader-text\">Partenaires<\/span> Lire la suite\u00a0\u00bb<\/a><\/p>\n","protected":false},"author":1,"featured_media":0,"parent":0,"menu_order":0,"comment_status":"closed","ping_status":"closed","template":"","meta":{"_uag_custom_page_level_css":"","_mi_skip_tracking":false,"site-sidebar-layout":"default","site-content-layout":"default","ast-global-header-display":"","ast-main-header-display":"","ast-hfb-above-header-display":"","ast-hfb-below-header-display":"","ast-hfb-mobile-header-display":"","site-post-title":"disabled","ast-breadcrumbs-content":"","ast-featured-img":"","footer-sml-layout":"","theme-transparent-header-meta":"","adv-header-id-meta":"","stick-header-meta":"","header-above-stick-meta":"","header-main-stick-meta":"","header-below-stick-meta":""},"uagb_featured_image_src":{"full":false,"thumbnail":false,"medium":false,"medium_large":false,"large":false,"1536x1536":false,"2048x2048":false},"uagb_author_info":{"display_name":"francois.ducotterd@gmail.com","author_link":"https:\/\/cercletaoiste.com\/index.php\/author\/francois-ducotterdgmail-com\/"},"uagb_comment_info":0,"uagb_excerpt":"Une fraternit\u00e9 Tao\u00efste Dans le tao\u00efsme, nous sommes tous ensemble \u00e0 progresser sur le chemin du TAO. On consid\u00e8re donc que toute personne que l&rsquo;on rencontre est un partenaire de progression, voire un enseignant par le travail qu&rsquo;il nous oblige \u00e0 faire sur nous-m\u00eame. Il est donc important de fonctionner avec des partenaires qui sont\u2026","_links":{"self":[{"href":"https:\/\/cercletaoiste.com\/index.php\/wp-json\/wp\/v2\/pages\/2030"}],"collection":[{"href":"https:\/\/cercletaoiste.com\/index.php\/wp-json\/wp\/v2\/pages"}],"about":[{"href":"https:\/\/cercletaoiste.com\/index.php\/wp-json\/wp\/v2\/types\/page"}],"author":[{"embeddable":true,"href":"https:\/\/cercletaoiste.com\/index.php\/wp-json\/wp\/v2\/users\/1"}],"replies":[{"embeddable":true,"href":"https:\/\/cercletaoiste.com\/index.php\/wp-json\/wp\/v2\/comments?post=2030"}],"version-history":[{"count":20,"href":"https:\/\/cercletaoiste.com\/index.php\/wp-json\/wp\/v2\/pages\/2030\/revisions"}],"predecessor-version":[{"id":2279,"href":"https:\/\/cercletaoiste.com\/index.php\/wp-json\/wp\/v2\/pages\/2030\/revisions\/2279"}],"wp:attachment":[{"href":"https:\/\/cercletaoiste.com\/index.php\/wp-json\/wp\/v2\/media?parent=2030"}],"curies":[{"name":"wp","href":"https:\/\/api.w.org\/{rel}","templated":true}]}}