{"id":2027,"date":"2022-09-02T05:41:53","date_gmt":"2022-09-02T05:41:53","guid":{"rendered":"https:\/\/cercletaoiste.com\/?page_id=2027"},"modified":"2024-09-26T16:11:16","modified_gmt":"2024-09-26T16:11:16","slug":"cursus-de-base","status":"publish","type":"page","link":"https:\/\/cercletaoiste.com\/index.php\/cursus-de-base\/","title":{"rendered":"Cursus de base"},"content":{"rendered":"\n<div class=\"wp-block-cover alignfull\" style=\"min-height:361px\"><span aria-hidden=\"true\" class=\"wp-block-cover__background has-background-dim\"><\/span><img loading=\"lazy\" width=\"900\" height=\"600\" class=\"wp-block-cover__image-background wp-image-1948\" alt=\"\" src=\"https:\/\/cercletaoiste.com\/wp-content\/uploads\/2022\/09\/48082_374959199286850_620476361_n.jpg\" style=\"object-position:53% 51%\" data-object-fit=\"cover\" data-object-position=\"53% 51%\" srcset=\"https:\/\/cercletaoiste.com\/wp-content\/uploads\/2022\/09\/48082_374959199286850_620476361_n.jpg 900w, https:\/\/cercletaoiste.com\/wp-content\/uploads\/2022\/09\/48082_374959199286850_620476361_n-300x200.jpg 300w, https:\/\/cercletaoiste.com\/wp-content\/uploads\/2022\/09\/48082_374959199286850_620476361_n-768x512.jpg 768w\" sizes=\"(max-width: 900px) 100vw, 900px\" \/><div class=\"wp-block-cover__inner-container\">\n<h1 class=\"has-text-align-center\" style=\"font-size:70px;font-style:normal;font-weight:700\">Cursus de base<\/h1>\n<\/div><\/div>\n\n\n\n<div style=\"height:51px\" aria-hidden=\"true\" class=\"wp-block-spacer\"><\/div>\n\n\n\n<p class=\"has-medium-font-size\">La formation de base sur le Tao\u00efsme est une exp\u00e9rience passionnante. C&rsquo;est un cours qui s&rsquo;\u00e9tale sur quatre ann\u00e9es \u00e0 raison de dix week-end par an. Cela peut para\u00eetre beaucoup mais l&rsquo;exp\u00e9rience montre que c&rsquo;est peu au regard de la somme de choses \u00e0 \u00e9tudier. De plus, si les \u00e9tudiants sont effray\u00e9s au d\u00e9part par le nombre de cours, tr\u00e8s vite, cela devient l&rsquo;inverse et beaucoup en r\u00e9clament plus, devant l&rsquo;aspect int\u00e9ressant et transformateur de ces cours.<\/p>\n\n\n\n<div style=\"height:31px\" aria-hidden=\"true\" class=\"wp-block-spacer\"><\/div>\n\n\n\n<p><\/p>\n\n\n\n<p class=\"has-medium-font-size\">En effet, les cours transforment ceux qui les \u00e9coutent. Cette transformation est lente, progressive, impr\u00e9visible, li\u00e9 au chemin de chacun. Certains s&rsquo;aper\u00e7oivent qu&rsquo;ils ont moins de col\u00e8re en eux, d&rsquo;autres qu&rsquo;ils ont plus de joie&#8230; On ne peut pas aborder des sujets existentiels sur la vie et la mort sans qu&rsquo;il y ait des cons\u00e9quences sur notre mani\u00e8re de vivre le monde. Ce n&rsquo;est donc pas qu&rsquo;un voyage intellectuel, d&rsquo;autant plus que selon les chapitres, il y a des exercices pratiques \u00e0 exp\u00e9rimenter.<\/p>\n\n\n\n<p><\/p>\n\n\n\n<div style=\"height:32px\" aria-hidden=\"true\" class=\"wp-block-spacer\"><\/div>\n\n\n\n<div class=\"wp-container-3 wp-block-columns\">\n<div class=\"wp-container-1 wp-block-column\">\n<div class=\"wp-block-uagb-image uagb-block-afbe287e wp-block-uagb-image--layout-default wp-block-uagb-image--effect-static wp-block-uagb-image--align-none\"><figure class=\"wp-block-uagb-image__figure\"><img srcset=\"https:\/\/cercletaoiste.com\/wp-content\/uploads\/2022\/09\/IMG_4741-768x1024.jpeg \" src=\"https:\/\/cercletaoiste.com\/wp-content\/uploads\/2022\/09\/IMG_4741-768x1024.jpeg\" alt=\"\" class=\"uag-image-2122\" width=\"\" height=\"\" title=\"\" loading=\"lazy\"\/><\/figure><\/div>\n<\/div>\n\n\n\n<div class=\"wp-container-2 wp-block-column\">\n<h2 class=\"has-medium-font-size\">Quelques notions que nous \u00e9tudieront:<\/h2>\n\n\n\n<div class=\"wp-block-uagb-icon-list uagb-block-a3412354\"><div class=\"uagb-icon-list__wrap\">\n<div class=\"wp-block-uagb-icon-list-child uagb-block-1af6d96b\"><span class=\"uagb-icon-list__source-wrap\"><svg xmlns=\"https:\/\/www.w3.org\/2000\/svg\" viewBox=\"0 0 512 512\"><path d=\"M512 256C512 397.4 397.4 512 256 512C114.6 512 0 397.4 0 256C0 114.6 114.6 0 256 0C397.4 0 512 114.6 512 256z\"><\/path><\/svg><\/span><span class=\"uagb-icon-list__label\">Le TAO, le YIN \/YANG, les WUXING (5 mouvements)&#8230;<\/span><\/div>\n\n\n\n<div class=\"wp-block-uagb-icon-list-child uagb-block-300e971a\"><span class=\"uagb-icon-list__source-wrap\"><svg xmlns=\"https:\/\/www.w3.org\/2000\/svg\" viewBox=\"0 0 512 512\"><path d=\"M512 256C512 397.4 397.4 512 256 512C114.6 512 0 397.4 0 256C0 114.6 114.6 0 256 0C397.4 0 512 114.6 512 256z\"><\/path><\/svg><\/span><span class=\"uagb-icon-list__label\">Le YANG SHENG (Nourrir la vie: ensemble des techniques et mani\u00e8res de vivre au quotidien pour \u00eatre heureux et en bonne sant\u00e9.<\/span><\/div>\n\n\n\n<div class=\"wp-block-uagb-icon-list-child uagb-block-15b7c9cf\"><span class=\"uagb-icon-list__source-wrap\"><svg xmlns=\"https:\/\/www.w3.org\/2000\/svg\" viewBox=\"0 0 512 512\"><path d=\"M512 256C512 397.4 397.4 512 256 512C114.6 512 0 397.4 0 256C0 114.6 114.6 0 256 0C397.4 0 512 114.6 512 256z\"><\/path><\/svg><\/span><span class=\"uagb-icon-list__label\">le HUN (l&rsquo;\u00e2me spirituelle), le PO (l&rsquo;\u00e2me corporelle), l&rsquo;incarnation, la vie, la mort&#8230;<\/span><\/div>\n<\/div><\/div>\n\n\n\n<div class=\"wp-block-uagb-icon-list uagb-block-f4183d48\"><div class=\"uagb-icon-list__wrap\">\n<div class=\"wp-block-uagb-icon-list-child uagb-block-d90f88d4\"><span class=\"uagb-icon-list__source-wrap\"><svg xmlns=\"https:\/\/www.w3.org\/2000\/svg\" viewBox=\"0 0 512 512\"><path d=\"M512 256C512 397.4 397.4 512 256 512C114.6 512 0 397.4 0 256C0 114.6 114.6 0 256 0C397.4 0 512 114.6 512 256z\"><\/path><\/svg><\/span><span class=\"uagb-icon-list__label\">Le fonctionnement de l&rsquo;Esprit, la gestion des d\u00e9sirs, des pens\u00e9es et des \u00e9motions&#8230; <\/span><\/div>\n\n\n\n<div class=\"wp-block-uagb-icon-list-child uagb-block-f16cdb4b\"><span class=\"uagb-icon-list__source-wrap\"><svg xmlns=\"https:\/\/www.w3.org\/2000\/svg\" viewBox=\"0 0 512 512\"><path d=\"M512 256C512 397.4 397.4 512 256 512C114.6 512 0 397.4 0 256C0 114.6 114.6 0 256 0C397.4 0 512 114.6 512 256z\"><\/path><\/svg><\/span><span class=\"uagb-icon-list__label\">Le ZIRAN (naturel), le WU WEI (non-agir), le QI (\u00e9nergie), le XING et le MING (Nature profonde et Destin)<\/span><\/div>\n\n\n\n<div class=\"wp-block-uagb-icon-list-child uagb-block-1e275911\"><span class=\"uagb-icon-list__source-wrap\"><svg xmlns=\"https:\/\/www.w3.org\/2000\/svg\" viewBox=\"0 0 512 512\"><path d=\"M512 256C512 397.4 397.4 512 256 512C114.6 512 0 397.4 0 256C0 114.6 114.6 0 256 0C397.4 0 512 114.6 512 256z\"><\/path><\/svg><\/span><span class=\"uagb-icon-list__label\">Les bases de la m\u00e9ditation<\/span><\/div>\n<\/div><\/div>\n\n\n\n<div class=\"wp-block-uagb-icon-list uagb-block-e0175904\"><div class=\"uagb-icon-list__wrap\">\n<div class=\"wp-block-uagb-icon-list-child uagb-block-e76640db\"><span class=\"uagb-icon-list__source-wrap\"><svg xmlns=\"https:\/\/www.w3.org\/2000\/svg\" viewBox=\"0 0 512 512\"><path d=\"M512 256C512 397.4 397.4 512 256 512C114.6 512 0 397.4 0 256C0 114.6 114.6 0 256 0C397.4 0 512 114.6 512 256z\"><\/path><\/svg><\/span><span class=\"uagb-icon-list__label\">Tao\u00efsme et relation aux autres<\/span><\/div>\n\n\n\n<div class=\"wp-block-uagb-icon-list-child uagb-block-7702ec05\"><span class=\"uagb-icon-list__source-wrap\"><svg xmlns=\"https:\/\/www.w3.org\/2000\/svg\" viewBox=\"0 0 512 512\"><path d=\"M512 256C512 397.4 397.4 512 256 512C114.6 512 0 397.4 0 256C0 114.6 114.6 0 256 0C397.4 0 512 114.6 512 256z\"><\/path><\/svg><\/span><span class=\"uagb-icon-list__label\">Tao\u00efsme et environnement<\/span><\/div>\n\n\n\n<div class=\"wp-block-uagb-icon-list-child uagb-block-158590e8\"><span class=\"uagb-icon-list__source-wrap\"><svg xmlns=\"https:\/\/www.w3.org\/2000\/svg\" viewBox=\"0 0 512 512\"><path d=\"M512 256C512 397.4 397.4 512 256 512C114.6 512 0 397.4 0 256C0 114.6 114.6 0 256 0C397.4 0 512 114.6 512 256z\"><\/path><\/svg><\/span><span class=\"uagb-icon-list__label\">Et toutes les questions qui vous viennent \u00e0 l&rsquo;Esprit&#8230;<\/span><\/div>\n<\/div><\/div>\n<\/div>\n<\/div>\n\n\n\n<div style=\"height:69px\" aria-hidden=\"true\" class=\"wp-block-spacer\"><\/div>\n\n\n\n<p class=\"has-medium-font-size\">Ci-dessous, vous trouverez les dates pour la nouvelle rentr\u00e9e 2024\/2025 qui d\u00e9marrera fin septembre:<\/p>\n\n\n\n<div style=\"height:22px\" aria-hidden=\"true\" class=\"wp-block-spacer\"><\/div>\n\n\n\n<p>Il est \u00e0 noter que vous pouvez enregistrer les cours, ou vous faire communiquer les enregistrements lorsque vous \u00eates absent lors d&rsquo;un week-end, ce qui permet de pallier aux absences in\u00e9vitables sur une p\u00e9riode de quatre ans.<\/p>\n\n\n\n<div style=\"height:40px\" aria-hidden=\"true\" class=\"wp-block-spacer\"><\/div>\n\n\n\n<div class=\"wp-container-7 wp-block-columns\">\n<div class=\"wp-container-4 wp-block-column\">\n<div class=\"wp-block-uagb-image uagb-block-d7ff746c wp-block-uagb-image--layout-default wp-block-uagb-image--effect-static wp-block-uagb-image--align-none\"><figure class=\"wp-block-uagb-image__figure\"><img srcset=\"https:\/\/cercletaoiste.com\/wp-content\/uploads\/2022\/09\/IMG_7979-751x1024.jpg \" src=\"https:\/\/cercletaoiste.com\/wp-content\/uploads\/2022\/09\/IMG_7979-751x1024.jpg\" alt=\"\" class=\"uag-image-2114\" width=\"\" height=\"\" title=\"\" loading=\"lazy\"\/><\/figure><\/div>\n<\/div>\n\n\n\n<div class=\"wp-container-6 wp-block-column\">\n<div class=\"wp-block-uagb-icon-list uagb-block-a8926777\"><div class=\"uagb-icon-list__wrap\">\n<div class=\"wp-block-uagb-icon-list-child uagb-block-208af454\"><span class=\"uagb-icon-list__source-wrap\"><svg xmlns=\"https:\/\/www.w3.org\/2000\/svg\" viewBox=\"0 0 256 512\"><path d=\"M118.6 105.4l128 127.1C252.9 239.6 256 247.8 256 255.1s-3.125 16.38-9.375 22.63l-128 127.1c-9.156 9.156-22.91 11.9-34.88 6.943S64 396.9 64 383.1V128c0-12.94 7.781-24.62 19.75-29.58S109.5 96.23 118.6 105.4z\"><\/path><\/svg><\/span><span class=\"uagb-icon-list__label\">28 &amp; 29 septembre 2024<\/span><\/div>\n\n\n\n<div class=\"wp-block-uagb-icon-list-child uagb-block-e66232c2\"><span class=\"uagb-icon-list__source-wrap\"><svg xmlns=\"https:\/\/www.w3.org\/2000\/svg\" viewBox=\"0 0 256 512\"><path d=\"M118.6 105.4l128 127.1C252.9 239.6 256 247.8 256 255.1s-3.125 16.38-9.375 22.63l-128 127.1c-9.156 9.156-22.91 11.9-34.88 6.943S64 396.9 64 383.1V128c0-12.94 7.781-24.62 19.75-29.58S109.5 96.23 118.6 105.4z\"><\/path><\/svg><\/span><span class=\"uagb-icon-list__label\">19 &amp; 20 octobre 2024<\/span><\/div>\n\n\n\n<div class=\"wp-block-uagb-icon-list-child uagb-block-382e03fb\"><span class=\"uagb-icon-list__source-wrap\"><svg xmlns=\"https:\/\/www.w3.org\/2000\/svg\" viewBox=\"0 0 256 512\"><path d=\"M118.6 105.4l128 127.1C252.9 239.6 256 247.8 256 255.1s-3.125 16.38-9.375 22.63l-128 127.1c-9.156 9.156-22.91 11.9-34.88 6.943S64 396.9 64 383.1V128c0-12.94 7.781-24.62 19.75-29.58S109.5 96.23 118.6 105.4z\"><\/path><\/svg><\/span><span class=\"uagb-icon-list__label\">16 &amp; 17 novembre 2024<\/span><\/div>\n<\/div><\/div>\n\n\n\n<div class=\"wp-block-uagb-icon-list uagb-block-61d7fb7e\"><div class=\"uagb-icon-list__wrap\">\n<div class=\"wp-block-uagb-icon-list-child uagb-block-4155f5fa\"><span class=\"uagb-icon-list__source-wrap\"><svg xmlns=\"https:\/\/www.w3.org\/2000\/svg\" viewBox=\"0 0 256 512\"><path d=\"M118.6 105.4l128 127.1C252.9 239.6 256 247.8 256 255.1s-3.125 16.38-9.375 22.63l-128 127.1c-9.156 9.156-22.91 11.9-34.88 6.943S64 396.9 64 383.1V128c0-12.94 7.781-24.62 19.75-29.58S109.5 96.23 118.6 105.4z\"><\/path><\/svg><\/span><span class=\"uagb-icon-list__label\">14 &amp; 15 d\u00e9cembre 2024<\/span><\/div>\n\n\n\n<div class=\"wp-block-uagb-icon-list-child uagb-block-cba98750\"><span class=\"uagb-icon-list__source-wrap\"><svg xmlns=\"https:\/\/www.w3.org\/2000\/svg\" viewBox=\"0 0 256 512\"><path d=\"M118.6 105.4l128 127.1C252.9 239.6 256 247.8 256 255.1s-3.125 16.38-9.375 22.63l-128 127.1c-9.156 9.156-22.91 11.9-34.88 6.943S64 396.9 64 383.1V128c0-12.94 7.781-24.62 19.75-29.58S109.5 96.23 118.6 105.4z\"><\/path><\/svg><\/span><span class=\"uagb-icon-list__label\">11 &amp; 12 janvier 2025<\/span><\/div>\n\n\n\n<div class=\"wp-block-uagb-icon-list-child uagb-block-5b90951b\"><span class=\"uagb-icon-list__source-wrap\"><svg xmlns=\"https:\/\/www.w3.org\/2000\/svg\" viewBox=\"0 0 256 512\"><path d=\"M118.6 105.4l128 127.1C252.9 239.6 256 247.8 256 255.1s-3.125 16.38-9.375 22.63l-128 127.1c-9.156 9.156-22.91 11.9-34.88 6.943S64 396.9 64 383.1V128c0-12.94 7.781-24.62 19.75-29.58S109.5 96.23 118.6 105.4z\"><\/path><\/svg><\/span><span class=\"uagb-icon-list__label\">8 &amp; 9 f\u00e9vrier 2025<\/span><\/div>\n<\/div><\/div>\n\n\n\n<div class=\"wp-block-uagb-icon-list uagb-block-30e31681\"><div class=\"uagb-icon-list__wrap\">\n<div class=\"wp-block-uagb-icon-list-child uagb-block-620c1111\"><span class=\"uagb-icon-list__source-wrap\"><svg xmlns=\"https:\/\/www.w3.org\/2000\/svg\" viewBox=\"0 0 256 512\"><path d=\"M118.6 105.4l128 127.1C252.9 239.6 256 247.8 256 255.1s-3.125 16.38-9.375 22.63l-128 127.1c-9.156 9.156-22.91 11.9-34.88 6.943S64 396.9 64 383.1V128c0-12.94 7.781-24.62 19.75-29.58S109.5 96.23 118.6 105.4z\"><\/path><\/svg><\/span><span class=\"uagb-icon-list__label\">22 &amp; 23 mars 2025<\/span><\/div>\n\n\n\n<div class=\"wp-block-uagb-icon-list-child uagb-block-f638f577\"><span class=\"uagb-icon-list__source-wrap\"><svg xmlns=\"https:\/\/www.w3.org\/2000\/svg\" viewBox=\"0 0 256 512\"><path d=\"M118.6 105.4l128 127.1C252.9 239.6 256 247.8 256 255.1s-3.125 16.38-9.375 22.63l-128 127.1c-9.156 9.156-22.91 11.9-34.88 6.943S64 396.9 64 383.1V128c0-12.94 7.781-24.62 19.75-29.58S109.5 96.23 118.6 105.4z\"><\/path><\/svg><\/span><span class=\"uagb-icon-list__label\">26 &amp; 27 avril 2025<\/span><\/div>\n\n\n\n<div class=\"wp-block-uagb-icon-list-child uagb-block-fe082c4a\"><span class=\"uagb-icon-list__source-wrap\"><svg xmlns=\"https:\/\/www.w3.org\/2000\/svg\" viewBox=\"0 0 256 512\"><path d=\"M118.6 105.4l128 127.1C252.9 239.6 256 247.8 256 255.1s-3.125 16.38-9.375 22.63l-128 127.1c-9.156 9.156-22.91 11.9-34.88 6.943S64 396.9 64 383.1V128c0-12.94 7.781-24.62 19.75-29.58S109.5 96.23 118.6 105.4z\"><\/path><\/svg><\/span><span class=\"uagb-icon-list__label\">24 &amp; 25 mai 2025<\/span><\/div>\n<\/div><\/div>\n\n\n\n<div class=\"wp-block-uagb-icon-list uagb-block-6515aa52\"><div class=\"uagb-icon-list__wrap\">\n<div class=\"wp-block-uagb-icon-list-child uagb-block-796be874\"><span class=\"uagb-icon-list__source-wrap\"><svg xmlns=\"https:\/\/www.w3.org\/2000\/svg\" viewBox=\"0 0 256 512\"><path d=\"M118.6 105.4l128 127.1C252.9 239.6 256 247.8 256 255.1s-3.125 16.38-9.375 22.63l-128 127.1c-9.156 9.156-22.91 11.9-34.88 6.943S64 396.9 64 383.1V128c0-12.94 7.781-24.62 19.75-29.58S109.5 96.23 118.6 105.4z\"><\/path><\/svg><\/span><span class=\"uagb-icon-list__label\">21 &amp; 22 juin 2025<\/span><\/div>\n<\/div><\/div>\n\n\n\n<p>Pour avoir de plus amples renseignements ainsi que tous les d\u00e9tails pratiques, n&rsquo;h\u00e9sitez pas \u00e0 nous contactez:<\/p>\n\n\n\n<div class=\"wp-container-5 wp-block-buttons\">\n<div class=\"wp-block-button\"><a class=\"wp-block-button__link has-ast-global-color-0-background-color has-background\" href=\"https:\/\/cercletaoiste.com\/index.php\/contact\/\">Contactez-nous<\/a><\/div>\n<\/div>\n<\/div>\n<\/div>\n\n\n\n<div class=\"wp-container-10 wp-block-columns\">\n<div class=\"wp-container-8 wp-block-column\"><\/div>\n\n\n\n<div class=\"wp-container-9 wp-block-column\"><\/div>\n<\/div>\n","protected":false},"excerpt":{"rendered":"<p>La formation de base sur le Tao\u00efsme est une exp\u00e9rience passionnante. C&rsquo;est un cours qui s&rsquo;\u00e9tale sur quatre ann\u00e9es \u00e0 raison de dix week-end par an. Cela peut para\u00eetre beaucoup mais l&rsquo;exp\u00e9rience montre que c&rsquo;est peu au regard de la somme de choses \u00e0 \u00e9tudier. De plus, si les \u00e9tudiants sont effray\u00e9s au d\u00e9part par &hellip;<\/p>\n<p class=\"read-more\"> <a class=\"\" href=\"https:\/\/cercletaoiste.com\/index.php\/cursus-de-base\/\"> <span class=\"screen-reader-text\">Cursus de base<\/span> Lire la suite\u00a0\u00bb<\/a><\/p>\n","protected":false},"author":1,"featured_media":0,"parent":0,"menu_order":0,"comment_status":"closed","ping_status":"closed","template":"","meta":{"_uag_custom_page_level_css":"","_mi_skip_tracking":false,"site-sidebar-layout":"default","site-content-layout":"default","ast-global-header-display":"","ast-main-header-display":"","ast-hfb-above-header-display":"","ast-hfb-below-header-display":"","ast-hfb-mobile-header-display":"","site-post-title":"disabled","ast-breadcrumbs-content":"","ast-featured-img":"","footer-sml-layout":"","theme-transparent-header-meta":"","adv-header-id-meta":"","stick-header-meta":"","header-above-stick-meta":"","header-main-stick-meta":"","header-below-stick-meta":""},"uagb_featured_image_src":{"full":false,"thumbnail":false,"medium":false,"medium_large":false,"large":false,"1536x1536":false,"2048x2048":false},"uagb_author_info":{"display_name":"francois.ducotterd@gmail.com","author_link":"https:\/\/cercletaoiste.com\/index.php\/author\/francois-ducotterdgmail-com\/"},"uagb_comment_info":0,"uagb_excerpt":"La formation de base sur le Tao\u00efsme est une exp\u00e9rience passionnante. C&rsquo;est un cours qui s&rsquo;\u00e9tale sur quatre ann\u00e9es \u00e0 raison de dix week-end par an. Cela peut para\u00eetre beaucoup mais l&rsquo;exp\u00e9rience montre que c&rsquo;est peu au regard de la somme de choses \u00e0 \u00e9tudier. De plus, si les \u00e9tudiants sont effray\u00e9s au d\u00e9part par\u2026","_links":{"self":[{"href":"https:\/\/cercletaoiste.com\/index.php\/wp-json\/wp\/v2\/pages\/2027"}],"collection":[{"href":"https:\/\/cercletaoiste.com\/index.php\/wp-json\/wp\/v2\/pages"}],"about":[{"href":"https:\/\/cercletaoiste.com\/index.php\/wp-json\/wp\/v2\/types\/page"}],"author":[{"embeddable":true,"href":"https:\/\/cercletaoiste.com\/index.php\/wp-json\/wp\/v2\/users\/1"}],"replies":[{"embeddable":true,"href":"https:\/\/cercletaoiste.com\/index.php\/wp-json\/wp\/v2\/comments?post=2027"}],"version-history":[{"count":13,"href":"https:\/\/cercletaoiste.com\/index.php\/wp-json\/wp\/v2\/pages\/2027\/revisions"}],"predecessor-version":[{"id":2270,"href":"https:\/\/cercletaoiste.com\/index.php\/wp-json\/wp\/v2\/pages\/2027\/revisions\/2270"}],"wp:attachment":[{"href":"https:\/\/cercletaoiste.com\/index.php\/wp-json\/wp\/v2\/media?parent=2027"}],"curies":[{"name":"wp","href":"https:\/\/api.w.org\/{rel}","templated":true}]}}