{"id":2003,"date":"2022-09-01T22:05:21","date_gmt":"2022-09-01T22:05:21","guid":{"rendered":"https:\/\/cercletaoiste.com\/?page_id=2003"},"modified":"2024-09-26T16:37:00","modified_gmt":"2024-09-26T16:37:00","slug":"formations-courtes","status":"publish","type":"page","link":"https:\/\/cercletaoiste.com\/index.php\/formations-courtes\/","title":{"rendered":"Formations courtes"},"content":{"rendered":"\n<div class=\"wp-block-cover alignfull\" style=\"min-height:361px\"><span aria-hidden=\"true\" class=\"wp-block-cover__background has-background-dim\"><\/span><img loading=\"lazy\" width=\"900\" height=\"600\" class=\"wp-block-cover__image-background wp-image-1948\" alt=\"\" src=\"https:\/\/cercletaoiste.com\/wp-content\/uploads\/2022\/09\/48082_374959199286850_620476361_n.jpg\" style=\"object-position:53% 51%\" data-object-fit=\"cover\" data-object-position=\"53% 51%\" srcset=\"https:\/\/cercletaoiste.com\/wp-content\/uploads\/2022\/09\/48082_374959199286850_620476361_n.jpg 900w, https:\/\/cercletaoiste.com\/wp-content\/uploads\/2022\/09\/48082_374959199286850_620476361_n-300x200.jpg 300w, https:\/\/cercletaoiste.com\/wp-content\/uploads\/2022\/09\/48082_374959199286850_620476361_n-768x512.jpg 768w\" sizes=\"(max-width: 900px) 100vw, 900px\" \/><div class=\"wp-block-cover__inner-container\">\n<h1 class=\"has-text-align-center\" style=\"font-size:70px;font-style:normal;font-weight:700\">Formations courtes<\/h1>\n<\/div><\/div>\n\n\n\n<div style=\"height:41px\" aria-hidden=\"true\" class=\"wp-block-spacer\"><\/div>\n\n\n\n<p>Chaque ann\u00e9e, nous essayons de vous proposer des formations courtes pour ceux qui n&rsquo;ont pas forc\u00e9ment le temps de s&rsquo;investir plus longtemps. Ces formations sur un week-end ou sur quelques jours vous permettront soit de vous initier \u00e0 un sujet qui vous int\u00e9resse comme le YI JING (Classique des mutations) par exemple, soit de creuser sur un sujet pr\u00e9cis en faisant un focus et en d\u00e9taillant un aspect pr\u00e9cis d&rsquo;un th\u00e8me.<\/p>\n\n\n\n<p>Cette ann\u00e9e, nous vous proposons deux stages de cinq jours:<\/p>\n\n\n\n<div style=\"height:50px\" aria-hidden=\"true\" class=\"wp-block-spacer\"><\/div>\n\n\n\n<div class=\"wp-container-3 wp-block-columns\">\n<div class=\"wp-container-1 wp-block-column\">\n<h2 style=\"font-size:24px\">\u2022 Les arbres et le Tao\u00efsme<\/h2>\n\n\n\n<p>Le Tao\u00efsme fait la part belle \u00e0 la nature. Mais trop facilement, on \u00e9tudie le Tao\u00efsme autour de livres, dans un bureau ou dans un fauteuil. Pourtant, la culture Tao\u00efste est une culture de pratique, et si on parle de nature, c&rsquo;est que les pratiques avec la nature sont essentielles.<\/p>\n\n\n\n<p>Les pratiques avec les \u00e9toiles, le soleil et la lune sont souvent abord\u00e9es dans les textes et les enseignements, aussi, nous allons nous int\u00e9resser \u00e0 une autre partie de la nature, moins \u00e9tudi\u00e9e chez nous : le monde v\u00e9g\u00e9tal et particuli\u00e8rement, les arbres.<\/p>\n\n\n\n<p>A travers un m\u00e9lange de cours th\u00e9oriques et pratiques, nous vous proposons d&rsquo;explorer l&rsquo;univers du v\u00e9g\u00e9tal selon la conception tao\u00efste, en commen\u00e7ant par la posture&#8230; de l&rsquo;arbre, et en continuant avec les usages alchimiques de la for\u00eat ainsi que la communication avec le monde v\u00e9g\u00e9tal. <\/p>\n\n\n\n<p>Ce sera une plong\u00e9e dans les racines chamaniques du tao\u00efsme.<\/p>\n<\/div>\n\n\n\n<div class=\"wp-container-2 wp-block-column\">\n<div class=\"wp-block-uagb-image uagb-block-f63423fa wp-block-uagb-image--layout-default wp-block-uagb-image--effect-static wp-block-uagb-image--align-none\"><figure class=\"wp-block-uagb-image__figure\"><img srcset=\"https:\/\/cercletaoiste.com\/wp-content\/uploads\/2022\/09\/IMG_4741-768x1024.jpeg \" src=\"https:\/\/cercletaoiste.com\/wp-content\/uploads\/2022\/09\/IMG_4741-768x1024.jpeg\" alt=\"\" class=\"uag-image-2122\" title=\"\" loading=\"lazy\"\/><\/figure><\/div>\n<\/div>\n<\/div>\n\n\n\n<p>Ce stage aura lieu aux dates suivantes:<\/p>\n\n\n\n<div style=\"height:13px\" aria-hidden=\"true\" class=\"wp-block-spacer\"><\/div>\n\n\n\n<p class=\"has-text-align-center has-medium-font-size\"><strong>du mercredi 30 avril 2025 au dimanche 4 mai 2025 inclus &#8211; au Cercle Tao\u00efste \u00e0 Lyon<\/strong><\/p>\n\n\n\n<div style=\"height:12px\" aria-hidden=\"true\" class=\"wp-block-spacer\"><\/div>\n\n\n\n<p>Si vous \u00eates int\u00e9ress\u00e9, laissez-nous un message en cliquant sur le lien ci-dessous:<\/p>\n\n\n\n<div class=\"wp-container-4 is-content-justification-right wp-block-buttons\">\n<div class=\"wp-block-button\"><a class=\"wp-block-button__link has-ast-global-color-2-color has-ast-global-color-0-background-color has-text-color has-background\" href=\"https:\/\/cercletaoiste.com\/index.php\/contact\/\">Contactez-nous<\/a><\/div>\n<\/div>\n\n\n\n<div style=\"height:80px\" aria-hidden=\"true\" class=\"wp-block-spacer\"><\/div>\n\n\n\n<div class=\"wp-container-7 wp-block-columns\">\n<div class=\"wp-container-5 wp-block-column\">\n<h2 style=\"font-size:24px\">\u2022 Massage R\u00e9vision &#8211; Pratique clinique<\/h2>\n\n\n\n<p>L&rsquo;usage du massage est une grande tradition dans toute l&rsquo;Asie. El\u00e9ment de sant\u00e9 et de bien-\u00eatre, il est courant en Chine de se faire masser ou de se masser soi-m\u00eame pour se sentir bien dans sa peau ou pour soulager des zones douloureuses.<\/p>\n\n\n\n<p>Nous proposons donc un stage de massage, pour aider ceux qui \u00e9tudient la m\u00e9decine chinoise \u00e0 r\u00e9viser leur pratique en vue de leurs examens finaux. L&rsquo;objectif du stage sera la mise en pratique des techniques de massage, selon les divers maux de nos vies quotidiennes<\/p>\n<\/div>\n\n\n\n<div class=\"wp-container-6 wp-block-column\">\n<div class=\"wp-block-uagb-image uagb-block-56a1af85 wp-block-uagb-image--layout-default wp-block-uagb-image--effect-static wp-block-uagb-image--align-none\"><figure class=\"wp-block-uagb-image__figure\"><img srcset=\"https:\/\/cercletaoiste.com\/wp-content\/uploads\/2022\/09\/massage-shoulder-human-2768832-1024x723.jpg \" src=\"https:\/\/cercletaoiste.com\/wp-content\/uploads\/2022\/09\/massage-shoulder-human-2768832-1024x723.jpg\" alt=\"massage, shoulder, human-2768832.jpg\" class=\"uag-image-2134\" width=\"\" height=\"\" title=\"\" loading=\"lazy\"\/><\/figure><\/div>\n<\/div>\n<\/div>\n\n\n\n<p>Ce stage aura lieu aux dates suivantes:<\/p>\n\n\n\n<div style=\"height:11px\" aria-hidden=\"true\" class=\"wp-block-spacer\"><\/div>\n\n\n\n<p class=\"has-text-align-center has-medium-font-size\"><strong>les dates ne sont pas encore d\u00e9finis &#8211; \u00e0 suivre&#8230;  &#8211; au Cercle Tao\u00efste \u00e0 Lyon<\/strong><\/p>\n\n\n\n<div style=\"height:12px\" aria-hidden=\"true\" class=\"wp-block-spacer\"><\/div>\n\n\n\n<p>Si vous \u00eates int\u00e9ress\u00e9, laissez-nous un message en cliquant sur le lien ci-dessous:<\/p>\n\n\n\n<div class=\"wp-container-8 is-content-justification-right wp-block-buttons\">\n<div class=\"wp-block-button\"><a class=\"wp-block-button__link has-ast-global-color-2-color has-ast-global-color-0-background-color has-text-color has-background\" href=\"https:\/\/cercletaoiste.com\/index.php\/contact\/\">Contactez-nous<\/a><\/div>\n<\/div>\n","protected":false},"excerpt":{"rendered":"<p>Chaque ann\u00e9e, nous essayons de vous proposer des formations courtes pour ceux qui n&rsquo;ont pas forc\u00e9ment le temps de s&rsquo;investir plus longtemps. Ces formations sur un week-end ou sur quelques jours vous permettront soit de vous initier \u00e0 un sujet qui vous int\u00e9resse comme le YI JING (Classique des mutations) par exemple, soit de creuser &hellip;<\/p>\n<p class=\"read-more\"> <a class=\"\" href=\"https:\/\/cercletaoiste.com\/index.php\/formations-courtes\/\"> <span class=\"screen-reader-text\">Formations courtes<\/span> Lire la suite\u00a0\u00bb<\/a><\/p>\n","protected":false},"author":1,"featured_media":0,"parent":0,"menu_order":0,"comment_status":"closed","ping_status":"closed","template":"elementor_theme","meta":{"_uag_custom_page_level_css":"","_mi_skip_tracking":false,"site-sidebar-layout":"default","site-content-layout":"default","ast-global-header-display":"","ast-main-header-display":"","ast-hfb-above-header-display":"","ast-hfb-below-header-display":"","ast-hfb-mobile-header-display":"","site-post-title":"disabled","ast-breadcrumbs-content":"","ast-featured-img":"","footer-sml-layout":"","theme-transparent-header-meta":"","adv-header-id-meta":"","stick-header-meta":"","header-above-stick-meta":"","header-main-stick-meta":"","header-below-stick-meta":""},"uagb_featured_image_src":{"full":false,"thumbnail":false,"medium":false,"medium_large":false,"large":false,"1536x1536":false,"2048x2048":false},"uagb_author_info":{"display_name":"francois.ducotterd@gmail.com","author_link":"https:\/\/cercletaoiste.com\/index.php\/author\/francois-ducotterdgmail-com\/"},"uagb_comment_info":0,"uagb_excerpt":"Chaque ann\u00e9e, nous essayons de vous proposer des formations courtes pour ceux qui n&rsquo;ont pas forc\u00e9ment le temps de s&rsquo;investir plus longtemps. Ces formations sur un week-end ou sur quelques jours vous permettront soit de vous initier \u00e0 un sujet qui vous int\u00e9resse comme le YI JING (Classique des mutations) par exemple, soit de creuser\u2026","_links":{"self":[{"href":"https:\/\/cercletaoiste.com\/index.php\/wp-json\/wp\/v2\/pages\/2003"}],"collection":[{"href":"https:\/\/cercletaoiste.com\/index.php\/wp-json\/wp\/v2\/pages"}],"about":[{"href":"https:\/\/cercletaoiste.com\/index.php\/wp-json\/wp\/v2\/types\/page"}],"author":[{"embeddable":true,"href":"https:\/\/cercletaoiste.com\/index.php\/wp-json\/wp\/v2\/users\/1"}],"replies":[{"embeddable":true,"href":"https:\/\/cercletaoiste.com\/index.php\/wp-json\/wp\/v2\/comments?post=2003"}],"version-history":[{"count":7,"href":"https:\/\/cercletaoiste.com\/index.php\/wp-json\/wp\/v2\/pages\/2003\/revisions"}],"predecessor-version":[{"id":2276,"href":"https:\/\/cercletaoiste.com\/index.php\/wp-json\/wp\/v2\/pages\/2003\/revisions\/2276"}],"wp:attachment":[{"href":"https:\/\/cercletaoiste.com\/index.php\/wp-json\/wp\/v2\/media?parent=2003"}],"curies":[{"name":"wp","href":"https:\/\/api.w.org\/{rel}","templated":true}]}}