{"id":1988,"date":"2022-09-01T21:28:45","date_gmt":"2022-09-01T21:28:45","guid":{"rendered":"https:\/\/cercletaoiste.com\/?page_id=1988"},"modified":"2024-09-26T16:22:41","modified_gmt":"2024-09-26T16:22:41","slug":"formations","status":"publish","type":"page","link":"https:\/\/cercletaoiste.com\/index.php\/formations\/","title":{"rendered":"Formations"},"content":{"rendered":"\n<div class=\"wp-block-cover alignfull\" style=\"min-height:361px\"><span aria-hidden=\"true\" class=\"wp-block-cover__background has-background-dim\"><\/span><img loading=\"lazy\" width=\"900\" height=\"600\" class=\"wp-block-cover__image-background wp-image-1948\" alt=\"\" src=\"https:\/\/cercletaoiste.com\/wp-content\/uploads\/2022\/09\/48082_374959199286850_620476361_n.jpg\" style=\"object-position:51% 52%\" data-object-fit=\"cover\" data-object-position=\"51% 52%\" srcset=\"https:\/\/cercletaoiste.com\/wp-content\/uploads\/2022\/09\/48082_374959199286850_620476361_n.jpg 900w, https:\/\/cercletaoiste.com\/wp-content\/uploads\/2022\/09\/48082_374959199286850_620476361_n-300x200.jpg 300w, https:\/\/cercletaoiste.com\/wp-content\/uploads\/2022\/09\/48082_374959199286850_620476361_n-768x512.jpg 768w\" sizes=\"(max-width: 900px) 100vw, 900px\" \/><div class=\"wp-block-cover__inner-container\">\n<h1 class=\"has-text-align-center\" style=\"font-size:70px;font-style:normal;font-weight:700\"><strong>Formations<\/strong><\/h1>\n<\/div><\/div>\n\n\n\n<div style=\"height:64px\" aria-hidden=\"true\" class=\"wp-block-spacer\"><\/div>\n\n\n\n<p class=\"has-medium-font-size\">Nous proposons diff\u00e9rents cursus de formation sur le Tao\u00efsme.  Certains sont r\u00e9guliers et r\u00e9currents comme la formation sur la m\u00e9ditation ou le cursus de base sur le Tao\u00efsme, mais d&rsquo;autres ne sont donn\u00e9s qu&rsquo;une fois tous les cinq ans, tous les dix ans&#8230; En effet, le Tao\u00efsme est passionnant, mais il y a tellement de choses \u00e0 \u00e9tudier qu&rsquo;il est impossible de tout voir chaque ann\u00e9e. Donc quand un cours vous int\u00e9resse une ann\u00e9e, ne le ratez pas!<\/p>\n\n\n\n<p><\/p>\n\n\n\n<div style=\"height:45px\" aria-hidden=\"true\" class=\"wp-block-spacer\"><\/div>\n\n\n\n<p class=\"has-medium-font-size\">Voici ci-dessous les types de formations propos\u00e9es pour cette ann\u00e9e 2024 \/2025:<\/p>\n\n\n\n<div style=\"height:62px\" aria-hidden=\"true\" class=\"wp-block-spacer\"><\/div>\n\n\n\n<div class=\"wp-container-4 wp-block-columns\">\n<div class=\"wp-container-1 wp-block-column\">\n<div class=\"wp-block-uagb-image uagb-block-5e0a6a43 wp-block-uagb-image--layout-default wp-block-uagb-image--effect-static wp-block-uagb-image--align-none\"><figure class=\"wp-block-uagb-image__figure\"><img srcset=\"https:\/\/cercletaoiste.com\/wp-content\/uploads\/2022\/09\/yoga-yoga-class-yoga-pose-7140566-1024x682.jpg \" src=\"https:\/\/cercletaoiste.com\/wp-content\/uploads\/2022\/09\/yoga-yoga-class-yoga-pose-7140566-1024x682.jpg\" alt=\"yoga, yoga class, yoga pose-7140566.jpg\" class=\"uag-image-2096\" width=\"\" height=\"\" title=\"\" loading=\"lazy\"\/><\/figure><\/div>\n\n\n\n<h2 class=\"has-medium-font-size\">\u2022 Formations courtes<\/h2>\n\n\n\n<p>Ces formations s&rsquo;\u00e9talent sur un week-end ou sur un stage de quelques jours. Elles ont pour but de d\u00e9couvrir un aspect du Tao\u00efsme ou de creuser une facette particuli\u00e8re de l&rsquo;enseignement.<\/p>\n<\/div>\n\n\n\n<div class=\"wp-container-2 wp-block-column\">\n<div class=\"wp-block-uagb-image uagb-block-49e94eda wp-block-uagb-image--layout-default wp-block-uagb-image--effect-static wp-block-uagb-image--align-none\"><figure class=\"wp-block-uagb-image__figure\"><img srcset=\"https:\/\/cercletaoiste.com\/wp-content\/uploads\/2022\/09\/maple-leaves-autumn-leaves-7411654-1024x642.jpg \" src=\"https:\/\/cercletaoiste.com\/wp-content\/uploads\/2022\/09\/maple-leaves-autumn-leaves-7411654-1024x642.jpg\" alt=\"maple leaves, autumn, leaves-7411654.jpg\" class=\"uag-image-2097\" width=\"\" height=\"\" title=\"\" loading=\"lazy\"\/><\/figure><\/div>\n\n\n\n<h2 class=\"has-medium-font-size\">\u2022 Formations sur l&rsquo;ann\u00e9e<\/h2>\n\n\n\n<p>Ce sont des formations qui se d\u00e9roulent sur une ann\u00e9e scolaire, en plusieurs week-end, permettant d&rsquo;\u00e9tudier plus profond\u00e9ment un th\u00e8me ou un ouvrage classique par exemple.<\/p>\n<\/div>\n\n\n\n<div class=\"wp-container-3 wp-block-column\">\n<div class=\"wp-block-uagb-image uagb-block-f01c7ae7 wp-block-uagb-image--layout-default wp-block-uagb-image--effect-static wp-block-uagb-image--align-none\"><figure class=\"wp-block-uagb-image__figure\"><img srcset=\"https:\/\/cercletaoiste.com\/wp-content\/uploads\/2022\/09\/night-view-indian-ocean-beach-7424915-1024x682.jpg \" src=\"https:\/\/cercletaoiste.com\/wp-content\/uploads\/2022\/09\/night-view-indian-ocean-beach-7424915-1024x682.jpg\" alt=\"night view, indian ocean, beach-7424915.jpg\" class=\"uag-image-2098\" width=\"\" height=\"\" title=\"\" loading=\"lazy\"\/><\/figure><\/div>\n\n\n\n<h2 class=\"has-medium-font-size\">\u2022 Cursus de base sur le TAO<\/h2>\n\n\n\n<p>C&rsquo;est un cursus de formation long qui ne d\u00e9marre tous les deux ans seulement et qui durent pendant quatre ans. Vous y trouverez toutes les notions de bases pour comprendre et progresser ensuite dans le Tao\u00efsme.<\/p>\n<\/div>\n<\/div>\n\n\n\n<div class=\"wp-container-11 wp-block-columns\">\n<div class=\"wp-container-6 wp-block-column\">\n<div class=\"wp-container-5 wp-block-buttons\">\n<div class=\"wp-block-button has-custom-width wp-block-button__width-50 is-style-fill\"><a class=\"wp-block-button__link has-ast-global-color-0-background-color has-background\" href=\"https:\/\/cercletaoiste.com\/index.php\/formations-courtes\/\"> Voir <\/a><\/div>\n<\/div>\n<\/div>\n\n\n\n<div class=\"wp-container-8 wp-block-column\">\n<div class=\"wp-container-7 wp-block-buttons\">\n<div class=\"wp-block-button has-custom-width wp-block-button__width-50\"><a class=\"wp-block-button__link has-ast-global-color-0-background-color has-background\" href=\"https:\/\/cercletaoiste.com\/index.php\/formations-sur-lannee\/\">Voir<\/a><\/div>\n<\/div>\n<\/div>\n\n\n\n<div class=\"wp-container-10 wp-block-column\">\n<div class=\"wp-container-9 wp-block-buttons\">\n<div class=\"wp-block-button has-custom-width wp-block-button__width-50\"><a class=\"wp-block-button__link has-ast-global-color-0-background-color has-background\" href=\"https:\/\/cercletaoiste.com\/index.php\/cursus-de-base\/\">Voir<\/a><\/div>\n<\/div>\n<\/div>\n<\/div>\n","protected":false},"excerpt":{"rendered":"<p>Nous proposons diff\u00e9rents cursus de formation sur le Tao\u00efsme. Certains sont r\u00e9guliers et r\u00e9currents comme la formation sur la m\u00e9ditation ou le cursus de base sur le Tao\u00efsme, mais d&rsquo;autres ne sont donn\u00e9s qu&rsquo;une fois tous les cinq ans, tous les dix ans&#8230; En effet, le Tao\u00efsme est passionnant, mais il y a tellement de &hellip;<\/p>\n<p class=\"read-more\"> <a class=\"\" href=\"https:\/\/cercletaoiste.com\/index.php\/formations\/\"> <span class=\"screen-reader-text\">Formations<\/span> Lire la suite\u00a0\u00bb<\/a><\/p>\n","protected":false},"author":1,"featured_media":0,"parent":0,"menu_order":0,"comment_status":"closed","ping_status":"closed","template":"","meta":{"_uag_custom_page_level_css":"","_mi_skip_tracking":false,"site-sidebar-layout":"default","site-content-layout":"default","ast-global-header-display":"","ast-main-header-display":"","ast-hfb-above-header-display":"","ast-hfb-below-header-display":"","ast-hfb-mobile-header-display":"","site-post-title":"disabled","ast-breadcrumbs-content":"","ast-featured-img":"","footer-sml-layout":"","theme-transparent-header-meta":"","adv-header-id-meta":"","stick-header-meta":"","header-above-stick-meta":"","header-main-stick-meta":"","header-below-stick-meta":""},"uagb_featured_image_src":{"full":false,"thumbnail":false,"medium":false,"medium_large":false,"large":false,"1536x1536":false,"2048x2048":false},"uagb_author_info":{"display_name":"francois.ducotterd@gmail.com","author_link":"https:\/\/cercletaoiste.com\/index.php\/author\/francois-ducotterdgmail-com\/"},"uagb_comment_info":0,"uagb_excerpt":"Nous proposons diff\u00e9rents cursus de formation sur le Tao\u00efsme. Certains sont r\u00e9guliers et r\u00e9currents comme la formation sur la m\u00e9ditation ou le cursus de base sur le Tao\u00efsme, mais d&rsquo;autres ne sont donn\u00e9s qu&rsquo;une fois tous les cinq ans, tous les dix ans&#8230; En effet, le Tao\u00efsme est passionnant, mais il y a tellement de\u2026","_links":{"self":[{"href":"https:\/\/cercletaoiste.com\/index.php\/wp-json\/wp\/v2\/pages\/1988"}],"collection":[{"href":"https:\/\/cercletaoiste.com\/index.php\/wp-json\/wp\/v2\/pages"}],"about":[{"href":"https:\/\/cercletaoiste.com\/index.php\/wp-json\/wp\/v2\/types\/page"}],"author":[{"embeddable":true,"href":"https:\/\/cercletaoiste.com\/index.php\/wp-json\/wp\/v2\/users\/1"}],"replies":[{"embeddable":true,"href":"https:\/\/cercletaoiste.com\/index.php\/wp-json\/wp\/v2\/comments?post=1988"}],"version-history":[{"count":22,"href":"https:\/\/cercletaoiste.com\/index.php\/wp-json\/wp\/v2\/pages\/1988\/revisions"}],"predecessor-version":[{"id":2274,"href":"https:\/\/cercletaoiste.com\/index.php\/wp-json\/wp\/v2\/pages\/1988\/revisions\/2274"}],"wp:attachment":[{"href":"https:\/\/cercletaoiste.com\/index.php\/wp-json\/wp\/v2\/media?parent=1988"}],"curies":[{"name":"wp","href":"https:\/\/api.w.org\/{rel}","templated":true}]}}