{"id":1324,"date":"2022-02-24T05:03:32","date_gmt":"2022-02-24T05:03:32","guid":{"rendered":"https:\/\/cercletaoiste.com\/index.php\/about\/"},"modified":"2022-09-05T20:51:26","modified_gmt":"2022-09-05T20:51:26","slug":"about","status":"publish","type":"page","link":"https:\/\/cercletaoiste.com\/index.php\/about\/","title":{"rendered":"A propos"},"content":{"rendered":"\n<div class=\"wp-block-uagb-container uagb-block-6e1e2fdd alignfull uagb-is-root-container\"><div class=\"uagb-container-inner-blocks-wrap\">\n<div class=\"wp-block-uagb-advanced-heading uagb-block-3309879b\"><h1 class=\"uagb-heading-text\">A propos<\/h1><\/div>\n<\/div><\/div>\n\n\n\n<div class=\"wp-block-uagb-container uagb-block-0915a8e3 alignfull uagb-is-root-container\"><div class=\"uagb-container-inner-blocks-wrap\">\n<h2><strong>Le Cercle Tao\u00efste:<\/strong> l&rsquo;ambition d&rsquo;un collectif tao\u00efste en Occident<\/h2>\n\n\n\n<p><\/p>\n\n\n\n<div class=\"wp-container-3 wp-block-columns\">\n<div class=\"wp-container-1 wp-block-column is-vertically-aligned-center\">\n<div class=\"wp-block-uagb-image uagb-block-d1c3da78 wp-block-uagb-image--layout-default wp-block-uagb-image--effect-static wp-block-uagb-image--align-center\"><figure class=\"wp-block-uagb-image__figure\"><img loading=\"lazy\" srcset=\"https:\/\/cercletaoiste.com\/wp-content\/uploads\/2022\/08\/DSC_0001_9-1-576x1024.jpg 1024w\" src=\"https:\/\/cercletaoiste.com\/wp-content\/uploads\/2022\/08\/DSC_0001_9-1-576x1024.jpg\" alt=\"\" class=\"uag-image-1865\" width=\"182\" height=\"323\" title=\"\"\/><\/figure><\/div>\n<\/div>\n\n\n\n<div class=\"wp-container-2 wp-block-column\">\n<div class=\"wp-block-uagb-image uagb-block-8552bb14 wp-block-uagb-image--layout-default wp-block-uagb-image--effect-static wp-block-uagb-image--align-none\"><figure class=\"wp-block-uagb-image__figure\"><img loading=\"lazy\" srcset=\"https:\/\/cercletaoiste.com\/wp-content\/uploads\/2022\/09\/IMG_7964-1-1024x768.jpg 1024w\" src=\"https:\/\/cercletaoiste.com\/wp-content\/uploads\/2022\/09\/IMG_7964-1-1024x768.jpg\" alt=\"\" class=\"uag-image-1910\" width=\"\" height=\"\" title=\"\"\/><\/figure><\/div>\n<\/div>\n<\/div>\n\n\n\n<div class=\"wp-block-uagb-container uagb-block-6288e981\">\n<div class=\"wp-block-uagb-container uagb-block-db3a26cf\">\n<div class=\"wp-block-uagb-info-box uagb-block-d861a300 uagb-infobox__content-wrap  uagb-infobox-icon-above-title uagb-infobox-image-valign-top\"><div class=\"uagb-ifb-content\"><div class=\"uagb-ifb-title-wrap\"><h3 class=\"uagb-ifb-title\">Cr\u00e9ation<\/h3><\/div><p class=\"uagb-ifb-desc\">Au d\u00e9part, le Cercle Tao\u00efste a \u00e9t\u00e9 \u00e0 l&rsquo;initiative de Fran\u00e7ois Ducotterd. Il devait \u00eatre lieu d&rsquo;enseignements et de recherches sur la spiritualit\u00e9 tao\u00efste, fondement essentiel de la plupart des arts chinois modernes (Qigong, Taijiquan, Baguazhang, Feng Shui&#8230;)<\/p><\/div><\/div>\n<\/div>\n\n\n\n<div class=\"wp-block-uagb-container uagb-block-734a5096\">\n<div class=\"wp-block-uagb-info-box uagb-block-0a2a8589 uagb-infobox__content-wrap  uagb-infobox-icon-above-title uagb-infobox-image-valign-top\"><div class=\"uagb-ifb-content\"><div class=\"uagb-ifb-title-wrap\"><h3 class=\"uagb-ifb-title\">Le Lieu<\/h3><\/div><p class=\"uagb-ifb-desc\">Apr\u00e8s plusieurs ann\u00e9es d&rsquo;errance et d&rsquo;itin\u00e9rance, finalement le Cercle Tao\u00efste a pos\u00e9 ses valises sur les pentes de la Croix-Rousse \u00e0 Lyon, dans un local qui permet d&rsquo;accueillir les diff\u00e9rents groupes qui y viennent \u00e9tudier.<\/p><\/div><\/div>\n<\/div>\n<\/div>\n\n\n\n<div class=\"wp-container-6 wp-block-columns\">\n<div class=\"wp-container-4 wp-block-column\">\n<div class=\"wp-block-uagb-image uagb-block-fe49798d wp-block-uagb-image--layout-default wp-block-uagb-image--effect-static wp-block-uagb-image--align-none\"><figure class=\"wp-block-uagb-image__figure\"><img loading=\"lazy\" srcset=\"https:\/\/cercletaoiste.com\/wp-content\/uploads\/2022\/08\/Resized_20220709_162541-2.jpg 1024w\" src=\"https:\/\/cercletaoiste.com\/wp-content\/uploads\/2022\/08\/Resized_20220709_162541-2.jpg\" alt=\"\" class=\"uag-image-1867\" width=\"419\" height=\"286\" title=\"\"\/><\/figure><\/div>\n<\/div>\n\n\n\n<div class=\"wp-container-5 wp-block-column\">\n<div class=\"wp-block-uagb-image uagb-block-3746012e wp-block-uagb-image--layout-default wp-block-uagb-image--effect-static wp-block-uagb-image--align-none\"><figure class=\"wp-block-uagb-image__figure\"><img loading=\"lazy\" srcset=\"https:\/\/cercletaoiste.com\/wp-content\/uploads\/2022\/08\/IMG_0003.jpg 1024w\" src=\"https:\/\/cercletaoiste.com\/wp-content\/uploads\/2022\/08\/IMG_0003.jpg\" alt=\"\" class=\"uag-image-1866\" width=\"\" height=\"\" title=\"\"\/><\/figure><\/div>\n<\/div>\n<\/div>\n\n\n\n<div class=\"wp-block-uagb-container uagb-block-423fd31d\">\n<div class=\"wp-block-uagb-container uagb-block-83804e4c\">\n<div class=\"wp-block-uagb-info-box uagb-block-7ea78322 uagb-infobox__content-wrap  uagb-infobox-icon-above-title uagb-infobox-image-valign-top\"><div class=\"uagb-ifb-content\"><div class=\"uagb-ifb-title-wrap\"><h3 class=\"uagb-ifb-title\">Un fonctionnement collectif<\/h3><\/div><p class=\"uagb-ifb-desc\">Petit-\u00e0-petit, diff\u00e9rents outils se sont cr\u00e9\u00e9s pour que l&rsquo;ensemble des membres puissent communiquer et travailler ensemble. Des commissions de travail, un groupe Facebook priv\u00e9, un drive, un site internet pour les membres, des partenariats avec des associations ou certains membres&#8230; Chacun s&rsquo;y investit selon ses d\u00e9sirs et ses disponibilit\u00e9s (donc de jamais, \u00e0 tout le temps!).<\/p><\/div><\/div>\n<\/div>\n\n\n\n<div class=\"wp-block-uagb-container uagb-block-2d198628\">\n<div class=\"wp-block-uagb-info-box uagb-block-736521ac uagb-infobox__content-wrap  uagb-infobox-icon-above-title uagb-infobox-image-valign-top\"><div class=\"uagb-ifb-content\"><div class=\"uagb-ifb-title-wrap\"><h3 class=\"uagb-ifb-title\">Les universit\u00e9s d&rsquo;\u00e9t\u00e9<\/h3><\/div><p class=\"uagb-ifb-desc\">Les universit\u00e9s d&rsquo;\u00e9t\u00e9 sont des rencontres annuelles visant \u00e0 rassembler ceux qui le souhaitent. Elles sont le lieu de pr\u00e9sentation du travail des commissions pendant l&rsquo;ann\u00e9e (alimentation, classique, Qigong, Tao\u00efsme et environnement&#8230;). En outre, toute personne qui a travaill\u00e9 ou r\u00e9alis\u00e9 quelque chose pendant l&rsquo;ann\u00e9e peut le pr\u00e9senter lors de ce temps pour le partager aux autres.<\/p><\/div><\/div>\n<\/div>\n<\/div>\n<\/div><\/div>\n\n\n\n<div class=\"wp-block-uagb-container uagb-block-e4662d45 alignfull uagb-is-root-container\"><div class=\"uagb-container-inner-blocks-wrap\">\n<div class=\"wp-block-uagb-testimonial uagb-slick-carousel uagb-tm__arrow-outside uagb-block-6cff818f uagb-post__carousel_notset uagb-post__carousel_notset-tablet uagb-post__carousel_notset-mobile\"><div class=\"is-carousel uagb-tm__columns-1 uagb-tm__items\"><div class=\"uagb-testimonial__wrap  uagb-tm__imgicon-style-circle uagb-tm__image-position-bottom uagb-tm__bg-type-none \"><div class=\"uagb-tm__content\"><div class=\"uagb-tm__overlay\"><\/div><div class=\"uagb-tm__text-wrap\"><div class=\"uagb-tm__desc\">\u201cLe TAO a donn\u00e9 naissance au Un; Un a donn\u00e9 naissance au Deux; Deux  au Trois; Trois aux 10 000 \u00eatres. Les 10 000 \u00eatres portent le YIN et accueillent le YANG\u201d<\/div><div class=\"uagb-tm__meta-inner\"><div class=\"uagb-tm__image-content\"><div class=\"uagb-tm__image\"><img class=\"uagb-tm-img-src\" src=\"https:\/\/cercletaoiste.com\/wp-content\/uploads\/2022\/08\/laozi-150x150.jpg\" alt=\"\"\/><\/div><\/div><div class=\"uagb-testimonial-details\"><span class=\"uagb-tm__author-name\">LAO ZI<\/span><span class=\"uagb-tm__company\">Chapitre 42<\/span><\/div><\/div><\/div><\/div><\/div><\/div><\/div>\n<\/div><\/div>\n","protected":false},"excerpt":{"rendered":"","protected":false},"author":1,"featured_media":0,"parent":0,"menu_order":0,"comment_status":"closed","ping_status":"closed","template":"","meta":{"_uag_custom_page_level_css":"","_mi_skip_tracking":false,"site-sidebar-layout":"no-sidebar","site-content-layout":"page-builder","ast-global-header-display":"","ast-main-header-display":"","ast-hfb-above-header-display":"","ast-hfb-below-header-display":"","ast-hfb-mobile-header-display":"","site-post-title":"disabled","ast-breadcrumbs-content":"","ast-featured-img":"disabled","footer-sml-layout":"","theme-transparent-header-meta":"enabled","adv-header-id-meta":"","stick-header-meta":"","header-above-stick-meta":"","header-main-stick-meta":"","header-below-stick-meta":""},"uagb_featured_image_src":{"full":false,"thumbnail":false,"medium":false,"medium_large":false,"large":false,"1536x1536":false,"2048x2048":false},"uagb_author_info":{"display_name":"francois.ducotterd@gmail.com","author_link":"https:\/\/cercletaoiste.com\/index.php\/author\/francois-ducotterdgmail-com\/"},"uagb_comment_info":0,"uagb_excerpt":null,"_links":{"self":[{"href":"https:\/\/cercletaoiste.com\/index.php\/wp-json\/wp\/v2\/pages\/1324"}],"collection":[{"href":"https:\/\/cercletaoiste.com\/index.php\/wp-json\/wp\/v2\/pages"}],"about":[{"href":"https:\/\/cercletaoiste.com\/index.php\/wp-json\/wp\/v2\/types\/page"}],"author":[{"embeddable":true,"href":"https:\/\/cercletaoiste.com\/index.php\/wp-json\/wp\/v2\/users\/1"}],"replies":[{"embeddable":true,"href":"https:\/\/cercletaoiste.com\/index.php\/wp-json\/wp\/v2\/comments?post=1324"}],"version-history":[{"count":8,"href":"https:\/\/cercletaoiste.com\/index.php\/wp-json\/wp\/v2\/pages\/1324\/revisions"}],"predecessor-version":[{"id":2215,"href":"https:\/\/cercletaoiste.com\/index.php\/wp-json\/wp\/v2\/pages\/1324\/revisions\/2215"}],"wp:attachment":[{"href":"https:\/\/cercletaoiste.com\/index.php\/wp-json\/wp\/v2\/media?parent=1324"}],"curies":[{"name":"wp","href":"https:\/\/api.w.org\/{rel}","templated":true}]}}