{"id":1322,"date":"2022-02-24T05:02:56","date_gmt":"2022-02-24T05:02:56","guid":{"rendered":"https:\/\/cercletaoiste.com\/index.php\/home\/"},"modified":"2025-01-30T11:25:51","modified_gmt":"2025-01-30T11:25:51","slug":"home","status":"publish","type":"page","link":"https:\/\/cercletaoiste.com\/","title":{"rendered":"Accueil"},"content":{"rendered":"\n<div class=\"wp-block-uagb-container uagb-block-3079adaa alignfull uagb-is-root-container\"><div class=\"uagb-container-inner-blocks-wrap\">\n<div class=\"wp-block-uagb-advanced-heading uagb-block-e4bc363b\"><h1 class=\"uagb-heading-text\">A la d\u00e9couverte du TAOISME<\/h1><\/div>\n\n\n\n<p class=\"has-ast-global-color-5-color has-text-color\" style=\"font-size:24px;font-style:normal;font-weight:400\">Commencez le voyage ext\u00e9rieur par une exploration int\u00e9rieure&#8230;<\/p>\n<\/div><\/div>\n\n\n\n<div class=\"wp-block-uagb-container uagb-block-6b467f1b alignfull uagb-is-root-container\"><div class=\"uagb-container-inner-blocks-wrap\">\n<p class=\"has-medium-font-size\">Bienvenue sur le site du Cercle Tao\u00efste. C&rsquo;est un endroit d\u00e9di\u00e9 \u00e0 la d\u00e9couverte et \u00e0 l&rsquo;\u00e9tude du Tao\u00efsme. Dans notre centre situ\u00e9 \u00e0 Lyon dans le Rh\u00f4ne, nous vous proposons diff\u00e9rentes mani\u00e8res d&rsquo;explorer les bases du Tao\u00efsme, mais aussi l&rsquo;\u00e9tude des ouvrages classiques tao\u00efstes comme le Lao Zi, le Zhuang Zi, le Lie Zi, le Qing Jing Jing&#8230; Cours, \u00e9changes, \u00e9tudes sont l&rsquo;occasion d&rsquo;approfondir nos connaissances et notre r\u00e9flexion. Les pratiques comme la m\u00e9ditation assise tao\u00efste, le Qigong ou le Taijiquan permettent ensuite que cette sagesse devienne r\u00e9alit\u00e9 dans notre vie quotidienne. Si n\u00e9cessaire, nous pouvons aussi nous appuyer sur des outils comme les auto-massages, les massages, la di\u00e9t\u00e9tique et la M\u00e9decine Traditionnelle Chinoise. <\/p>\n\n\n\n<p class=\"has-medium-font-size\">Mais plus avant, commen\u00e7ons notre voyage \u00e0 la recherche du TAO \u9053:<\/p>\n\n\n\n<p><\/p>\n\n\n\n<div class=\"wp-block-uagb-advanced-heading uagb-block-f1b05936\"><h2 class=\"uagb-heading-text\">Nous vous proposons:<\/h2><div class=\"uagb-separator\"><\/div><\/div>\n\n\n\n<div class=\"wp-block-uagb-container uagb-block-232d284b\">\n<div class=\"wp-block-uagb-container uagb-block-c8a9845f\">\n<div class=\"wp-block-uagb-image uagb-block-374d3b03 wp-block-uagb-image--layout-default wp-block-uagb-image--effect-static wp-block-uagb-image--align-none\"><figure class=\"wp-block-uagb-image__figure\"><img srcset=\"https:\/\/cercletaoiste.com\/wp-content\/uploads\/2022\/08\/DSC_0067-1-1024x576.jpg \" src=\"https:\/\/cercletaoiste.com\/wp-content\/uploads\/2022\/08\/DSC_0067-1-1024x576.jpg\" alt=\"\" class=\"uag-image-1829\" width=\"\" height=\"\" title=\"\" loading=\"lazy\"\/><\/figure><\/div>\n\n\n\n<h3>Des formations<\/h3>\n\n\n\n<p>Nous organisons diff\u00e9rents cursus de cours sur le Tao\u00efsme et ses diff\u00e9rentes facettes. Nous proposons trois types de cours:<\/p>\n\n\n\n<p>\u2022 <strong>Des formations courtes:<\/strong> sur un week-end, cinq jours ou quelques week-ends, elles permettent d&rsquo;aborder des th\u00e8mes comme la pr\u00e9sentation d&rsquo;un ouvrage, la m\u00e9ditation, la di\u00e9t\u00e9tique&#8230;<\/p>\n\n\n\n<p>\u2022 <strong>Des formations sur l&rsquo;ann\u00e9e:<\/strong> elles permettent de travailler plus profond\u00e9ment sur des th\u00e8mes comme l&rsquo;\u00e9tude d&rsquo;un classique Tao\u00efste, ou sur une m\u00e9thode comme le Yi Jing<\/p>\n\n\n\n<p>\u2022 <strong>Une formation longue: <\/strong>sur quatre ans, nous proposons d&rsquo;\u00e9tudier \u00e0 travers un rendez-vous r\u00e9gulier, toutes les notions et principes n\u00e9cessaires pour l&rsquo;\u00e9tude de la spiritualit\u00e9 Tao\u00efste.<\/p>\n\n\n\n<div class=\"wp-container-1 is-content-justification-right wp-block-buttons\">\n<div class=\"wp-block-button is-style-fill\"><a class=\"wp-block-button__link has-ast-global-color-6-color has-luminous-vivid-amber-background-color has-text-color has-background\" href=\"https:\/\/cercletaoiste.com\/index.php\/formations\/\">Formations<\/a><\/div>\n<\/div>\n<\/div>\n\n\n\n<div class=\"wp-block-uagb-container uagb-block-be4369ea\">\n<figure class=\"wp-block-image size-full\"><img loading=\"lazy\" width=\"740\" height=\"462\" src=\"https:\/\/cercletaoiste.com\/wp-content\/uploads\/2022\/08\/2018_festival-sciences-rennes_l-ecriture-chinoise-mythes-et-realites_360385_0-1.webp\" alt=\"\" class=\"wp-image-1818\" srcset=\"https:\/\/cercletaoiste.com\/wp-content\/uploads\/2022\/08\/2018_festival-sciences-rennes_l-ecriture-chinoise-mythes-et-realites_360385_0-1.webp 740w, https:\/\/cercletaoiste.com\/wp-content\/uploads\/2022\/08\/2018_festival-sciences-rennes_l-ecriture-chinoise-mythes-et-realites_360385_0-1-300x187.webp 300w\" sizes=\"(max-width: 740px) 100vw, 740px\" \/><\/figure>\n\n\n\n<h3>Des documents:<\/h3>\n\n\n\n<p>La tradition Tao\u00efste s&rsquo;appuie sur des milliers d&rsquo;ouvrages, dont seulement trois ou quatre ont \u00e9t\u00e9 traduits en fran\u00e7ais. De plus, trop souvent, par m\u00e9connaissance de la culture, ces traductions sont biais\u00e9es et ne permettent pas de comprendre correctement les principes tao\u00efstes abord\u00e9s. Nous nous proposons donc de contribuer \u00e0 traduire et \u00e0 diffuser des textes tao\u00efstes ou sur le tao\u00efsme en fran\u00e7ais pour pouvoir approfondir le voyage int\u00e9rieur qu&rsquo;ils proposent.<\/p>\n\n\n\n<p>Le premier ouvrage que nous souhaiterions diffuser serait une nouvelle traduction du fameux <strong>Dao De Jing<\/strong> (Classique du Dao et de la Vertu) de <strong>Lao Zi<\/strong>. Cette traduction incluerait des commentaires selon la vision tao\u00efste.<\/p>\n\n\n\n<div class=\"wp-container-2 is-content-justification-right wp-block-buttons\">\n<div class=\"wp-block-button\"><a class=\"wp-block-button__link has-ast-global-color-6-color has-luminous-vivid-amber-background-color has-text-color has-background\">Publications<\/a><\/div>\n<\/div>\n<\/div>\n<\/div>\n<\/div><\/div>\n\n\n\n<div class=\"wp-block-uagb-container uagb-block-a73e2674 alignfull uagb-is-root-container\"><div class=\"uagb-container-inner-blocks-wrap\">\n<div class=\"wp-block-uagb-testimonial uagb-slick-carousel uagb-tm__arrow-outside uagb-block-6d3ce825 uagb-post__carousel_notset uagb-post__carousel_notset-tablet uagb-post__carousel_notset-mobile\"><div class=\"is-carousel uagb-tm__columns-1 uagb-tm__items\"><div class=\"uagb-testimonial__wrap  uagb-tm__imgicon-style-circle uagb-tm__image-position-top uagb-tm__bg-type-none \"><div class=\"uagb-tm__content\"><div class=\"uagb-tm__overlay\"><\/div><div class=\"uagb-tm__image-content\"><div class=\"uagb-tm__image\"><img class=\"uagb-tm-img-src\" src=\"https:\/\/cercletaoiste.com\/wp-content\/uploads\/2022\/08\/laozi-150x150.jpg\" alt=\"\" width=\"80\" height=\"80\" loading=\"lazy\"\/><\/div><\/div><div class=\"uagb-tm__text-wrap\"><div class=\"uagb-tm__desc\">\u201cFaire na\u00eetre, \u00e9lever, faire grandir et ne pas poss\u00e9der, agir et ne pas se satisfaire, faire vivre et ne pas tuer: cela s&rsquo;appelle la vertu du Myst\u00e8re.\u201d<\/div><div class=\"uagb-tm__meta-inner\"><div class=\"uagb-testimonial-details\"><span class=\"uagb-tm__author-name\">LAO ZI<\/span><span class=\"uagb-tm__company\">VI\u00b0 si\u00e8cle avant JC<\/span><\/div><\/div><\/div><\/div><\/div><\/div><\/div>\n<\/div><\/div>\n\n\n\n<div class=\"wp-block-uagb-container uagb-block-4dbc6fe7 alignfull uagb-is-root-container\"><div class=\"uagb-container-inner-blocks-wrap\">\n<div class=\"wp-block-uagb-container uagb-block-0d8ab69d\">\n<div class=\"wp-block-uagb-info-box uagb-block-4dec6e1c uagb-infobox__content-wrap  uagb-infobox-icon-above-title uagb-infobox-image-valign-top\"><div class=\"uagb-ifb-content\"><div class=\"uagb-ifb-icon-wrap\"><svg xmlns=\"https:\/\/www.w3.org\/2000\/svg\" viewBox=\"0 0 512 512\"><path d=\"M0 256C0 114.6 114.6 0 256 0C397.4 0 512 114.6 512 256C512 397.4 397.4 512 256 512C114.6 512 0 397.4 0 256zM371.8 211.8C382.7 200.9 382.7 183.1 371.8 172.2C360.9 161.3 343.1 161.3 332.2 172.2L224 280.4L179.8 236.2C168.9 225.3 151.1 225.3 140.2 236.2C129.3 247.1 129.3 264.9 140.2 275.8L204.2 339.8C215.1 350.7 232.9 350.7 243.8 339.8L371.8 211.8z\"><\/path><\/svg><\/div><div class=\"uagb-ifb-title-wrap\"><span class=\"uagb-ifb-title-prefix\">Qui sommes nous?<\/span><h3 class=\"uagb-ifb-title\">Une famille de passionn\u00e9s \u00e0 la recherche d&rsquo;une spiritualit\u00e9 mill\u00e9naire pour \u00e9clairer notre pr\u00e9sent<\/h3><\/div><p class=\"uagb-ifb-desc\">Au fil des ann\u00e9es, les activit\u00e9s du Cercle Tao\u00efste ont r\u00e9unis de nombreux aventuriers int\u00e9rieurs en qu\u00eate de connaissance profonde de soi. Ils ont tous contribu\u00e9 \u00e0 donner vie \u00e0 ce qu&rsquo;est le Cercle aujourd&rsquo;hui.<\/p><div class=\"uagb-ifb-button-wrapper wp-block-button\"><a href=\"#\" class=\"uagb-infobox-cta-link wp-block-button__link\" target=\"_self\" rel=\"noopener noreferrer\" alt=\"\"><span class=\"uagb-inline-editing\">A propos<\/span><\/a><\/div><\/div><\/div>\n<\/div>\n\n\n\n<div class=\"wp-block-uagb-container uagb-block-aefb52c0\">\n<div class=\"wp-block-uagb-image uagb-block-c5d669d9 wp-block-uagb-image--layout-default wp-block-uagb-image--effect-static wp-block-uagb-image--align-none\"><figure class=\"wp-block-uagb-image__figure\"><img srcset=\"https:\/\/cercletaoiste.com\/wp-content\/uploads\/2022\/08\/YinYang.png \" src=\"https:\/\/cercletaoiste.com\/wp-content\/uploads\/2022\/08\/YinYang.png\" alt=\"\" class=\"uag-image-1843\" width=\"369\" height=\"449\" title=\"\" loading=\"lazy\"\/><\/figure><\/div>\n<\/div>\n<\/div><\/div>\n\n\n\n<div class=\"wp-block-uagb-container uagb-block-6d6df31b alignfull uagb-is-root-container\"><div class=\"uagb-container-inner-blocks-wrap\">\n<div class=\"wp-block-uagb-info-box uagb-block-59bf1fa7 uagb-infobox__content-wrap  uagb-infobox-icon-above-title uagb-infobox-image-valign-top\"><div class=\"uagb-ifb-content\"><div class=\"uagb-ifb-icon-wrap\"><svg xmlns=\"https:\/\/www.w3.org\/2000\/svg\" viewBox=\"0 0 512 512\"><path d=\"M0 256C0 114.6 114.6 0 256 0C397.4 0 512 114.6 512 256C512 397.4 397.4 512 256 512C114.6 512 0 397.4 0 256zM371.8 211.8C382.7 200.9 382.7 183.1 371.8 172.2C360.9 161.3 343.1 161.3 332.2 172.2L224 280.4L179.8 236.2C168.9 225.3 151.1 225.3 140.2 236.2C129.3 247.1 129.3 264.9 140.2 275.8L204.2 339.8C215.1 350.7 232.9 350.7 243.8 339.8L371.8 211.8z\"><\/path><\/svg><\/div><div class=\"uagb-ifb-title-wrap\"><h1 class=\"uagb-ifb-title\"><strong>Des questions ?<\/strong><\/h1><\/div><p class=\"uagb-ifb-desc\"><strong>N&rsquo;h\u00e9sitez pas \u00e0 nous contacter pour qu&rsquo;on vous r\u00e9ponde, au mieux de nos connaissances.<br>Nous ne connaissons pas tout ce qui fait le Tao\u00efsme, mais au moins on essaiera de vous r\u00e9pondre avec le sourire!<\/strong><br><\/p><div class=\"uagb-ifb-button-wrapper wp-block-button\"><a href=\"Contact\" class=\"uagb-infobox-cta-link wp-block-button__link\" target=\"_self\" rel=\"noopener noreferrer\" alt=\"\"><span class=\"uagb-inline-editing\">Contact<\/span><\/a><\/div><\/div><\/div>\n<\/div><\/div>\n","protected":false},"excerpt":{"rendered":"","protected":false},"author":1,"featured_media":0,"parent":0,"menu_order":0,"comment_status":"closed","ping_status":"closed","template":"","meta":{"_uag_custom_page_level_css":"","_mi_skip_tracking":false,"site-sidebar-layout":"no-sidebar","site-content-layout":"page-builder","ast-global-header-display":"","ast-main-header-display":"","ast-hfb-above-header-display":"","ast-hfb-below-header-display":"","ast-hfb-mobile-header-display":"","site-post-title":"disabled","ast-breadcrumbs-content":"","ast-featured-img":"disabled","footer-sml-layout":"","theme-transparent-header-meta":"enabled","adv-header-id-meta":"","stick-header-meta":"","header-above-stick-meta":"","header-main-stick-meta":"","header-below-stick-meta":""},"uagb_featured_image_src":{"full":false,"thumbnail":false,"medium":false,"medium_large":false,"large":false,"1536x1536":false,"2048x2048":false},"uagb_author_info":{"display_name":"francois.ducotterd@gmail.com","author_link":"https:\/\/cercletaoiste.com\/index.php\/author\/francois-ducotterdgmail-com\/"},"uagb_comment_info":0,"uagb_excerpt":null,"_links":{"self":[{"href":"https:\/\/cercletaoiste.com\/index.php\/wp-json\/wp\/v2\/pages\/1322"}],"collection":[{"href":"https:\/\/cercletaoiste.com\/index.php\/wp-json\/wp\/v2\/pages"}],"about":[{"href":"https:\/\/cercletaoiste.com\/index.php\/wp-json\/wp\/v2\/types\/page"}],"author":[{"embeddable":true,"href":"https:\/\/cercletaoiste.com\/index.php\/wp-json\/wp\/v2\/users\/1"}],"replies":[{"embeddable":true,"href":"https:\/\/cercletaoiste.com\/index.php\/wp-json\/wp\/v2\/comments?post=1322"}],"version-history":[{"count":51,"href":"https:\/\/cercletaoiste.com\/index.php\/wp-json\/wp\/v2\/pages\/1322\/revisions"}],"predecessor-version":[{"id":2288,"href":"https:\/\/cercletaoiste.com\/index.php\/wp-json\/wp\/v2\/pages\/1322\/revisions\/2288"}],"wp:attachment":[{"href":"https:\/\/cercletaoiste.com\/index.php\/wp-json\/wp\/v2\/media?parent=1322"}],"curies":[{"name":"wp","href":"https:\/\/api.w.org\/{rel}","templated":true}]}}